{"id":1631,"date":"2024-05-28T16:17:45","date_gmt":"2024-05-28T14:17:45","guid":{"rendered":"https:\/\/rtr-law.com\/?page_id=1631"},"modified":"2024-05-28T16:19:11","modified_gmt":"2024-05-28T14:19:11","slug":"uk-team","status":"publish","type":"page","link":"https:\/\/rtr-law.com\/da\/uk-team\/","title":{"rendered":"UK team"},"content":{"rendered":"<p>[et_pb_section fb_built=&#8221;1&#8243; admin_label=&#8221;Header &#8211; Sektion&#8221; module_class=&#8221;header-sektion&#8221; _builder_version=&#8221;4.25.0&#8243; _module_preset=&#8221;default&#8221; background_image=&#8221;https:\/\/rtr-law.com\/wp-content\/uploads\/2022\/08\/hero_office.jpg&#8221; global_colors_info=&#8221;{}&#8221;][\/et_pb_section][et_pb_section fb_built=&#8221;1&#8243; admin_label=&#8221;Ekspertise &#8211; body &#8211; Sektion&#8221; module_class=&#8221;ydelser-body-sektion&#8221; _builder_version=&#8221;4.17.4&#8243; _module_preset=&#8221;default&#8221; global_colors_info=&#8221;{}&#8221;][et_pb_row column_structure=&#8221;1_4,1_2,1_4&#8243; _builder_version=&#8221;4.17.4&#8243; _module_preset=&#8221;default&#8221; global_colors_info=&#8221;{}&#8221;][et_pb_column type=&#8221;1_4&#8243; _builder_version=&#8221;4.17.4&#8243; _module_preset=&#8221;default&#8221; global_colors_info=&#8221;{}&#8221;][et_pb_text admin_label=&#8221;Titel &#8211; Tekst&#8221; _builder_version=&#8221;4.25.1&#8243; _module_preset=&#8221;default&#8221; hover_enabled=&#8221;0&#8243; global_colors_info=&#8221;{}&#8221; sticky_enabled=&#8221;0&#8243;]<\/p>\n<h1><strong>UK <\/strong>team<\/h1>\n<p>[\/et_pb_text][\/et_pb_column][et_pb_column type=&#8221;1_2&#8243; _builder_version=&#8221;4.17.4&#8243; _module_preset=&#8221;default&#8221; global_colors_info=&#8221;{}&#8221;][et_pb_text _builder_version=&#8221;4.25.1&#8243; _module_preset=&#8221;default&#8221; hover_enabled=&#8221;0&#8243; global_colors_info=&#8221;{}&#8221; sticky_enabled=&#8221;0&#8243;]<\/p>\n<p>Teamet ledes af Steen Rosenfalck, der er b\u00e5de dansk advokat og engelsk solicitor. Teamets internationale baggrund er med til at sikre en dybereg\u00e5ende forst\u00e5else for b\u00e5de de juridiske s\u00e5vel som de forretningskulturelle forskelle mellem Danmark og Storbritannien, hvilket giver en unik indsigt i forretningsgangene mellem de to lande.\u00a0\u00a0<\/p>\n<p>Vi har udarbejdet en r\u00e6kke pjecer omkring virksomhedsdrift m.v. i Storbritannien, der kan v\u00e6re nyttige, hvis man g\u00e5r med overvejelser om, hvorvidt man skal enten eksportere til UK eller etablere sig lokalt.<\/p>\n<p>Vi arbejder tit sammen med the Trade Council ved den danske ambassade i London og the Department for Business &amp; Trade ved den britiske ambassade i K\u00f8benhavn. \u00a0<\/p>\n<p>Bem\u00e6rk venligst, at Storbritannien best\u00e5r af 3 separate retsomr\u00e5der (Nordirland, Skotland, samt England og Wales), hvor vi kun er kvalificeret til at bist\u00e5 indenfor engelsk og walisisk ret.<\/p>\n<p>Kontakt os, hvis du vil vide mere.<\/p>\n<p>[\/et_pb_text][\/et_pb_column][et_pb_column type=&#8221;1_4&#8243; _builder_version=&#8221;4.17.4&#8243; _module_preset=&#8221;default&#8221; global_colors_info=&#8221;{}&#8221;][dpdfg_filtergrid custom_query=&#8221;advanced&#8221; multiple_cpt=&#8221;team&#8221; use_taxonomy_terms=&#8221;on&#8221; multiple_taxonomies=&#8221;vis-person&#8221; include_terms=&#8221;18&#8243; post_number=&#8221;1&#8243; use_overlay=&#8221;off&#8221; show_post_meta=&#8221;off&#8221; show_custom_fields=&#8221;on&#8221; custom_fields=&#8221;%91{%22name%22:%22qualifications_title%22,%22label%22:%22%22},{%22name%22:%22email%22,%22label%22:%22%22},{%22name%22:%22danish_mobile%22,%22label%22:%22%22},{%22name%22:%22us_mobile%22,%22label%22:%22%22}%93&#8243; show_filters=&#8221;off&#8221; show_pagination=&#8221;off&#8221; items_layout=&#8221;dp-dfg-layout-none&#8221; admin_label=&#8221;Steen &#8211; Kontakt &#8211; Divi FilterGrid&#8221; module_class=&#8221;kontaktperson&#8221; _builder_version=&#8221;4.25.0&#8243; _module_preset=&#8221;default&#8221; sticky_position=&#8221;top&#8221; sticky_offset_top=&#8221;30px&#8221; sticky_limit_bottom=&#8221;row&#8221; saved_tabs=&#8221;all&#8221; global_colors_info=&#8221;{}&#8221; global_module=&#8221;1405&#8243; theme_builder_area=&#8221;post_content&#8221;][\/dpdfg_filtergrid][\/et_pb_column][\/et_pb_row][\/et_pb_section]<\/p>\n","protected":false},"excerpt":{"rendered":"<p>UK teamTeamet ledes af Steen Rosenfalck, der er b\u00e5de dansk advokat og engelsk solicitor. Teamets internationale baggrund er med til at sikre en dybereg\u00e5ende forst\u00e5else for b\u00e5de de juridiske s\u00e5vel som de forretningskulturelle forskelle mellem Danmark og Storbritannien, hvilket giver en unik indsigt i forretningsgangene mellem de to lande.\u00a0\u00a0 Vi har udarbejdet en r\u00e6kke pjecer [&hellip;]<\/p>\n","protected":false},"author":1,"featured_media":0,"parent":0,"menu_order":0,"comment_status":"closed","ping_status":"closed","template":"","meta":{"_acf_changed":false,"_et_pb_use_builder":"on","_et_pb_old_content":"<p>[et_pb_section fb_built=\"1\" admin_label=\"Header - Sektion\" module_class=\"header-sektion\" _builder_version=\"4.25.0\" _module_preset=\"default\" background_image=\"https:\/\/rtr-law.com\/wp-content\/uploads\/2022\/08\/hero_office.jpg\" global_colors_info=\"{}\" theme_builder_area=\"post_content\"][\/et_pb_section][et_pb_section fb_built=\"1\" admin_label=\"Ekspertise - body - Sektion\" module_class=\"ydelser-body-sektion\" _builder_version=\"4.17.4\" _module_preset=\"default\" global_colors_info=\"{}\" theme_builder_area=\"post_content\"][et_pb_row column_structure=\"1_4,1_2,1_4\" _builder_version=\"4.17.4\" _module_preset=\"default\" global_colors_info=\"{}\" theme_builder_area=\"post_content\"][et_pb_column type=\"1_4\" _builder_version=\"4.17.4\" _module_preset=\"default\" global_colors_info=\"{}\" theme_builder_area=\"post_content\"][et_pb_text admin_label=\"Titel - Tekst\" _builder_version=\"4.25.1\" _module_preset=\"default\" hover_enabled=\"0\" global_colors_info=\"{}\" theme_builder_area=\"post_content\" sticky_enabled=\"0\"]<\/p><h1><strong>UK <\/strong>team<\/h1><p>[\/et_pb_text][\/et_pb_column][et_pb_column type=\"1_2\" _builder_version=\"4.17.4\" _module_preset=\"default\" global_colors_info=\"{}\" theme_builder_area=\"post_content\"][et_pb_text _builder_version=\"4.25.1\" _module_preset=\"default\" hover_enabled=\"0\" global_colors_info=\"{}\" theme_builder_area=\"post_content\" sticky_enabled=\"0\"]<\/p><p>We advise overseas businesses wishing to trade with or set up a business in the UK.<\/p><h3>Exporting to the UK<\/h3><p>Once you have decided to trade with the UK as opposed to trading in the UK, the next step is to ensure that your contracts are suitable and protect you.<\/p><p>Issues you have to take into account include where and how to litigate if things go wrong but also local legislation which may provide the other party unforeseen protection.<\/p><p>Ways of exporting to the UK are:<\/p><ul><li>Traditional export<\/li><li>Appointing local agent or a distributor<\/li><li>Franchising<\/li><\/ul><p>We are experienced in drafting, reviewing and enforcing supply contracts,\u00a0agency and distribution\u00a0agreements, internet and e-commerce terms and your general\u00a0terms and conditions\u00a0under international law.<\/p><h3>Setting up business in the UK<\/h3><p>When a business wishes to invest in the UK, there are numerous issues that must be addressed:<\/p><ul><li>Is the investment into the UK to be made by way of acquiring an existing UK business, or via an entirely new start-up in the UK?<\/li><li>Will the investor be independent, or form a joint venture or partnership with someone already in or also planning to enter the UK?<\/li><li>What kind of corporate structure is to be used in the UK? This might be by registering a UK branch of the investing foreign company or by incorporating a UK subsidiary. One of these routes is necessary if there is to be an established place of business within the UK. However, if there is no intention to establish a place of business within the UK, then a local agent or distributor might be used.<\/li><li>Are there to be permanent staff in the UK? If so, these must either be recruited locally, or brought in from abroad, in which case any relevant permissions to work in the UK must be obtained.<\/li><li>Is the investment to be for a finite or indefinite period? This will have implications for any exit strategy.<\/li><li>Will premises be required in the UK?<\/li><li>Will there be physical movement of assets or people into the UK?<\/li><\/ul><p>The team works closely with our local partner firm in London and offers advice on most legal aspects of doing business in the UK including corporate structuring, business acquisition, employment and debt collection.<\/p><p>We have produced a number of guides on doing business in the UK to assist you in your decision whether to export to or invest in the UK.<\/p><p>We work regularly with inward trade agencies such as the Department for Industry and Trade and bilateral chambers of commerce.<\/p><p>\u200b<\/p><p>[\/et_pb_text][\/et_pb_column][et_pb_column type=\"1_4\" _builder_version=\"4.17.4\" _module_preset=\"default\" global_colors_info=\"{}\" theme_builder_area=\"post_content\"][dpdfg_filtergrid custom_query=\"advanced\" multiple_cpt=\"team\" use_taxonomy_terms=\"on\" multiple_taxonomies=\"vis-person\" include_terms=\"18\" post_number=\"1\" use_overlay=\"off\" show_post_meta=\"off\" show_custom_fields=\"on\" custom_fields=\"%91{%22name%22:%22qualifications_title%22,%22label%22:%22%22},{%22name%22:%22email%22,%22label%22:%22%22},{%22name%22:%22danish_mobile%22,%22label%22:%22%22},{%22name%22:%22us_mobile%22,%22label%22:%22%22}%93\" show_filters=\"off\" show_pagination=\"off\" items_layout=\"dp-dfg-layout-none\" admin_label=\"Steen - Kontakt - Divi FilterGrid\" module_class=\"kontaktperson\" _builder_version=\"4.25.0\" _module_preset=\"default\" sticky_position=\"top\" sticky_offset_top=\"30px\" sticky_limit_bottom=\"row\" global_module=\"1125\" saved_tabs=\"all\" global_colors_info=\"{}\" theme_builder_area=\"post_content\"][\/dpdfg_filtergrid][\/et_pb_column][\/et_pb_row][\/et_pb_section]<\/p>","_et_gb_content_width":"","footnotes":""},"class_list":["post-1631","page","type-page","status-publish","hentry"],"acf":[],"yoast_head":"<!-- This site is optimized with the Yoast SEO plugin v26.6 - https:\/\/yoast.com\/wordpress\/plugins\/seo\/ -->\n<title>UK team - RTR Law<\/title>\n<meta name=\"robots\" content=\"index, follow, max-snippet:-1, max-image-preview:large, max-video-preview:-1\" \/>\n<link rel=\"canonical\" href=\"https:\/\/rtr-law.com\/da\/uk-team\/\" \/>\n<meta property=\"og:locale\" content=\"da_DK\" \/>\n<meta property=\"og:type\" content=\"article\" \/>\n<meta property=\"og:title\" content=\"UK team - RTR Law\" \/>\n<meta property=\"og:description\" content=\"UK teamTeamet ledes af Steen Rosenfalck, der er b\u00e5de dansk advokat og engelsk solicitor. Teamets internationale baggrund er med til at sikre en dybereg\u00e5ende forst\u00e5else for b\u00e5de de juridiske s\u00e5vel som de forretningskulturelle forskelle mellem Danmark og Storbritannien, hvilket giver en unik indsigt i forretningsgangene mellem de to lande.\u00a0\u00a0 Vi har udarbejdet en r\u00e6kke pjecer [&hellip;]\" \/>\n<meta property=\"og:url\" content=\"https:\/\/rtr-law.com\/da\/uk-team\/\" \/>\n<meta property=\"og:site_name\" content=\"RTR Law\" \/>\n<meta property=\"article:modified_time\" content=\"2024-05-28T14:19:11+00:00\" \/>\n<meta property=\"og:image\" content=\"https:\/\/rtr-law.com\/wp-content\/uploads\/2022\/10\/Thorup-Law-logo-image.png\" \/>\n\t<meta property=\"og:image:width\" content=\"1200\" \/>\n\t<meta property=\"og:image:height\" content=\"650\" \/>\n\t<meta property=\"og:image:type\" content=\"image\/png\" \/>\n<meta name=\"twitter:card\" content=\"summary_large_image\" \/>\n<meta name=\"twitter:label1\" content=\"Estimeret l\u00e6setid\" \/>\n\t<meta name=\"twitter:data1\" content=\"2 minutter\" \/>\n<script type=\"application\/ld+json\" class=\"yoast-schema-graph\">{\"@context\":\"https:\/\/schema.org\",\"@graph\":[{\"@type\":\"WebPage\",\"@id\":\"https:\/\/rtr-law.com\/da\/uk-team\/\",\"url\":\"https:\/\/rtr-law.com\/da\/uk-team\/\",\"name\":\"UK team - RTR Law\",\"isPartOf\":{\"@id\":\"https:\/\/thomasthoruplaw.com\/#website\"},\"datePublished\":\"2024-05-28T14:17:45+00:00\",\"dateModified\":\"2024-05-28T14:19:11+00:00\",\"breadcrumb\":{\"@id\":\"https:\/\/rtr-law.com\/da\/uk-team\/#breadcrumb\"},\"inLanguage\":\"da-DK\",\"potentialAction\":[{\"@type\":\"ReadAction\",\"target\":[\"https:\/\/rtr-law.com\/da\/uk-team\/\"]}]},{\"@type\":\"BreadcrumbList\",\"@id\":\"https:\/\/rtr-law.com\/da\/uk-team\/#breadcrumb\",\"itemListElement\":[{\"@type\":\"ListItem\",\"position\":1,\"name\":\"Hjem\",\"item\":\"https:\/\/rtr-law.com\/da\/\"},{\"@type\":\"ListItem\",\"position\":2,\"name\":\"UK team\"}]},{\"@type\":\"WebSite\",\"@id\":\"https:\/\/thomasthoruplaw.com\/#website\",\"url\":\"https:\/\/thomasthoruplaw.com\/\",\"name\":\"RTR Law\",\"description\":\"Endnu en WordPress-blog\",\"potentialAction\":[{\"@type\":\"SearchAction\",\"target\":{\"@type\":\"EntryPoint\",\"urlTemplate\":\"https:\/\/thomasthoruplaw.com\/?s={search_term_string}\"},\"query-input\":{\"@type\":\"PropertyValueSpecification\",\"valueRequired\":true,\"valueName\":\"search_term_string\"}}],\"inLanguage\":\"da-DK\"}]}<\/script>\n<!-- \/ Yoast SEO plugin. -->","yoast_head_json":{"title":"UK team - RTR Law","robots":{"index":"index","follow":"follow","max-snippet":"max-snippet:-1","max-image-preview":"max-image-preview:large","max-video-preview":"max-video-preview:-1"},"canonical":"https:\/\/rtr-law.com\/da\/uk-team\/","og_locale":"da_DK","og_type":"article","og_title":"UK team - RTR Law","og_description":"UK teamTeamet ledes af Steen Rosenfalck, der er b\u00e5de dansk advokat og engelsk solicitor. Teamets internationale baggrund er med til at sikre en dybereg\u00e5ende forst\u00e5else for b\u00e5de de juridiske s\u00e5vel som de forretningskulturelle forskelle mellem Danmark og Storbritannien, hvilket giver en unik indsigt i forretningsgangene mellem de to lande.\u00a0\u00a0 Vi har udarbejdet en r\u00e6kke pjecer [&hellip;]","og_url":"https:\/\/rtr-law.com\/da\/uk-team\/","og_site_name":"RTR Law","article_modified_time":"2024-05-28T14:19:11+00:00","og_image":[{"width":1200,"height":650,"url":"https:\/\/rtr-law.com\/wp-content\/uploads\/2022\/10\/Thorup-Law-logo-image.png","type":"image\/png"}],"twitter_card":"summary_large_image","twitter_misc":{"Estimeret l\u00e6setid":"2 minutter"},"schema":{"@context":"https:\/\/schema.org","@graph":[{"@type":"WebPage","@id":"https:\/\/rtr-law.com\/da\/uk-team\/","url":"https:\/\/rtr-law.com\/da\/uk-team\/","name":"UK team - RTR Law","isPartOf":{"@id":"https:\/\/thomasthoruplaw.com\/#website"},"datePublished":"2024-05-28T14:17:45+00:00","dateModified":"2024-05-28T14:19:11+00:00","breadcrumb":{"@id":"https:\/\/rtr-law.com\/da\/uk-team\/#breadcrumb"},"inLanguage":"da-DK","potentialAction":[{"@type":"ReadAction","target":["https:\/\/rtr-law.com\/da\/uk-team\/"]}]},{"@type":"BreadcrumbList","@id":"https:\/\/rtr-law.com\/da\/uk-team\/#breadcrumb","itemListElement":[{"@type":"ListItem","position":1,"name":"Hjem","item":"https:\/\/rtr-law.com\/da\/"},{"@type":"ListItem","position":2,"name":"UK team"}]},{"@type":"WebSite","@id":"https:\/\/thomasthoruplaw.com\/#website","url":"https:\/\/thomasthoruplaw.com\/","name":"RTR Law","description":"Endnu en WordPress-blog","potentialAction":[{"@type":"SearchAction","target":{"@type":"EntryPoint","urlTemplate":"https:\/\/thomasthoruplaw.com\/?s={search_term_string}"},"query-input":{"@type":"PropertyValueSpecification","valueRequired":true,"valueName":"search_term_string"}}],"inLanguage":"da-DK"}]}},"_links":{"self":[{"href":"https:\/\/rtr-law.com\/da\/wp-json\/wp\/v2\/pages\/1631","targetHints":{"allow":["GET"]}}],"collection":[{"href":"https:\/\/rtr-law.com\/da\/wp-json\/wp\/v2\/pages"}],"about":[{"href":"https:\/\/rtr-law.com\/da\/wp-json\/wp\/v2\/types\/page"}],"author":[{"embeddable":true,"href":"https:\/\/rtr-law.com\/da\/wp-json\/wp\/v2\/users\/1"}],"replies":[{"embeddable":true,"href":"https:\/\/rtr-law.com\/da\/wp-json\/wp\/v2\/comments?post=1631"}],"version-history":[{"count":2,"href":"https:\/\/rtr-law.com\/da\/wp-json\/wp\/v2\/pages\/1631\/revisions"}],"predecessor-version":[{"id":1633,"href":"https:\/\/rtr-law.com\/da\/wp-json\/wp\/v2\/pages\/1631\/revisions\/1633"}],"wp:attachment":[{"href":"https:\/\/rtr-law.com\/da\/wp-json\/wp\/v2\/media?parent=1631"}],"curies":[{"name":"wp","href":"https:\/\/api.w.org\/{rel}","templated":true}]}}