{"id":1560,"date":"2024-05-14T11:28:42","date_gmt":"2024-05-14T09:28:42","guid":{"rendered":"https:\/\/rtr-law.com\/?page_id=1560"},"modified":"2026-02-04T10:08:06","modified_gmt":"2026-02-04T09:08:06","slug":"ny-forside","status":"publish","type":"page","link":"https:\/\/rtr-law.com\/da\/","title":{"rendered":"Forside"},"content":{"rendered":"<p>[et_pb_section fb_built=&#8221;1&#8243; admin_label=&#8221;Header &#8211; Sektion&#8221; module_class=&#8221;header-sektion&#8221; _builder_version=&#8221;4.25.0&#8243; _module_preset=&#8221;default&#8221; background_image=&#8221;https:\/\/rtr-law.com\/wp-content\/uploads\/2022\/08\/hero_visum_LARGE.jpg&#8221; global_colors_info=&#8221;{}&#8221;][\/et_pb_section][et_pb_section fb_built=&#8221;1&#8243; module_class=&#8221;bg-moerksand&#8221; _builder_version=&#8221;4.25.0&#8243; _module_preset=&#8221;default&#8221; global_colors_info=&#8221;{}&#8221;][et_pb_row column_structure=&#8221;1_4,3_4&#8243; _builder_version=&#8221;4.25.0&#8243; _module_preset=&#8221;default&#8221; global_colors_info=&#8221;{}&#8221;][et_pb_column type=&#8221;1_4&#8243; _builder_version=&#8221;4.25.0&#8243; _module_preset=&#8221;default&#8221; global_colors_info=&#8221;{}&#8221;][et_pb_text _builder_version=&#8221;4.25.0&#8243; _module_preset=&#8221;default&#8221; global_colors_info=&#8221;{}&#8221;]<\/p>\n<h6>Om RTR Law<\/h6>\n<h2>Advokater beskikket i <strong>Danmark, England og USA<\/strong><\/h2>\n<p>[\/et_pb_text][\/et_pb_column][et_pb_column type=&#8221;3_4&#8243; _builder_version=&#8221;4.25.0&#8243; _module_preset=&#8221;default&#8221; global_colors_info=&#8221;{}&#8221;][et_pb_text _builder_version=&#8221;4.27.5&#8243; _module_preset=&#8221;default&#8221; hover_enabled=&#8221;0&#8243; global_colors_info=&#8221;{}&#8221; sticky_enabled=&#8221;0&#8243;]<\/p>\n<p>Rosenfalck &amp; Thorup er et dansk advokatfirma, der leverer pragmatisk r\u00e5dgivning indenfor erhvervsretten, med en unik fokus p\u00e5 amerikansk og engelsk ret.<\/p>\n<p>Hvis jeres firma g\u00e5r med internationale ekspansionsplaner, s\u00e5 kontakt en af vore advokater.<\/p>\n<p>Vore advokater er beskikket i Danmark, England og USA, hvor de fortsat praktiserer. Vi har kontorer i K\u00f8benhavn, London og Washington DC og er derfor velplaceret til at st\u00f8tte vore klienter lokalt.<\/p>\n<p>[\/et_pb_text][\/et_pb_column][\/et_pb_row][\/et_pb_section]<\/p>\n","protected":false},"excerpt":{"rendered":"<p>Om RTR Law Advokater beskikket i Danmark, England og USARosenfalck &amp; Thorup er et dansk advokatfirma, der leverer pragmatisk r\u00e5dgivning indenfor erhvervsretten, med en unik fokus p\u00e5 amerikansk og engelsk ret. Hvis jeres firma g\u00e5r med internationale ekspansionsplaner, s\u00e5 kontakt en af vore advokater. Vore advokater er beskikket i Danmark, England og USA, hvor de [&hellip;]<\/p>\n","protected":false},"author":1,"featured_media":0,"parent":0,"menu_order":0,"comment_status":"closed","ping_status":"closed","template":"","meta":{"_acf_changed":false,"_et_pb_use_builder":"on","_et_pb_old_content":"<p>[et_pb_section fb_built=\"1\" admin_label=\"Header - Sektion\" module_class=\"header-sektion\" _builder_version=\"4.25.0\" _module_preset=\"default\" background_image=\"https:\/\/rtr-law.com\/wp-content\/uploads\/2022\/08\/hero_visum_LARGE.jpg\" global_colors_info=\"{}\"][\/et_pb_section][et_pb_section fb_built=\"1\" _builder_version=\"4.25.0\" _module_preset=\"default\" global_colors_info=\"{}\"][et_pb_row column_structure=\"1_3,1_3,1_3\" _builder_version=\"4.25.0\" _module_preset=\"default\" global_colors_info=\"{}\"][et_pb_column type=\"1_3\" _builder_version=\"4.25.0\" _module_preset=\"default\" global_colors_info=\"{}\"][et_pb_text _builder_version=\"4.25.0\" _module_preset=\"default\" global_colors_info=\"{}\"]<\/p><h2><strong>UK <\/strong>team<\/h2><p>We advise overseas businesses wishing to trade with or set up a business in the UK.<\/p><p>The team works closely with our local partner firm in London and offers advice on most legal aspects of doing business in the UK including corporate structuring, business acquisition, employment and debt collection.<\/p><p>We have produced a number of guides on doing business in the UK to assist you in your decision whether to export to or invest in the UK.<\/p><p>[\/et_pb_text][\/et_pb_column][et_pb_column type=\"1_3\" _builder_version=\"4.25.0\" _module_preset=\"default\" global_colors_info=\"{}\"][et_pb_text _builder_version=\"4.25.0\" _module_preset=\"default\" global_colors_info=\"{}\"]<\/p><h2><strong>Danish <\/strong>team<\/h2><p>A number of our lawyers are qualified to practise Danish law.<\/p><p>We have produced various guides on doing business in Denmark to assist you in your decision whether to export to or invest in Denmark.<\/p><p>We work regularly with the British Embassy in Copenhagen as well as other trade organisations such as the Department of Trade and Industry, Invest in Denmark and various regional development agencies to include Copenhagen Capacity.<\/p><p>[\/et_pb_text][\/et_pb_column][et_pb_column type=\"1_3\" _builder_version=\"4.25.0\" _module_preset=\"default\" global_colors_info=\"{}\"][et_pb_text _builder_version=\"4.25.0\" _module_preset=\"default\" global_colors_info=\"{}\"]<\/p><h2><strong>US <\/strong>team<\/h2><p>With us, you will have our experts guide you on all matters regarding the U.S. market, allowing you to focus on and grow your business.<\/p><p>For example, our attorneys have decades of experience in U.S. corporate setups, international and American contracts, distribution- and sales agent agreements, U.S. employment law, U.S. trademark registration, litigation, complex arbitration matters, compliance, and U.S. work visas and immigration.<\/p><p>[\/et_pb_text][\/et_pb_column][\/et_pb_row][et_pb_row _builder_version=\"4.25.0\" _module_preset=\"default\" global_colors_info=\"{}\"][et_pb_column type=\"4_4\" _builder_version=\"4.25.0\" _module_preset=\"default\" global_colors_info=\"{}\"][dpdfg_filtergrid custom_query=\"advanced\" multiple_cpt=\"team\" post_number=\"20\" order=\"ASC\" orderby=\"meta_value\" meta_key=\"Order\" meta_type=\"NUMERIC\" thumbnail_size=\"768x0\" use_overlay=\"off\" show_post_meta=\"off\" show_custom_fields=\"on\" custom_fields=\"%91{%22name%22:%22qualifications_title%22,%22label%22:%22%22},{%22name%22:%22email%22,%22label%22:%22%22},{%22name%22:%22danish_mobile%22,%22label%22:%22%22},{%22name%22:%22us_mobile%22,%22label%22:%22%22}%93\" show_filters=\"off\" show_pagination=\"off\" items_layout=\"dp-dfg-layout-none\" admin_label=\"Team - Contact - Divi FilterGrid\" module_class=\"kontaktperson team-grid\" _builder_version=\"4.25.0\" _module_preset=\"default\" sticky_limit_bottom=\"row\" global_module=\"1539\" saved_tabs=\"all\" global_colors_info=\"{}\"][\/dpdfg_filtergrid][\/et_pb_column][\/et_pb_row][\/et_pb_section][et_pb_section fb_built=\"1\" module_class=\"bg-moerksand\" _builder_version=\"4.25.0\" _module_preset=\"default\" global_colors_info=\"{}\"][et_pb_row column_structure=\"1_4,3_4\" _builder_version=\"4.25.0\" _module_preset=\"default\" global_colors_info=\"{}\"][et_pb_column type=\"1_4\" _builder_version=\"4.25.0\" _module_preset=\"default\" global_colors_info=\"{}\"][et_pb_text _builder_version=\"4.25.0\" _module_preset=\"default\" hover_enabled=\"0\" global_colors_info=\"{}\" sticky_enabled=\"0\"]<\/p><h6>About RTR Law<\/h6><h2>Danish, American and British <strong>law firm<\/strong><\/h2><p>[\/et_pb_text][\/et_pb_column][et_pb_column type=\"3_4\" _builder_version=\"4.25.0\" _module_preset=\"default\" global_colors_info=\"{}\"][et_pb_text _builder_version=\"4.25.0\" _module_preset=\"default\" global_colors_info=\"{}\"]<\/p><p>We are an international law firm focussed on assisting global businesses and entrepreneurs on probably most matters involving Danish, American or British business law.<\/p><p>Our headquarter is in Copenhagen, Denmark, and we have offices in London and Washington, D.C. which means we are available to our clients during both European and US business hours.<\/p><p>Our lawyers are admitted to practice before the Supreme Courts of both Denmark, the United States, and England and Wales.<\/p><p>[\/et_pb_text][\/et_pb_column][\/et_pb_row][\/et_pb_section]<\/p>","_et_gb_content_width":"","footnotes":""},"class_list":["post-1560","page","type-page","status-publish","hentry"],"acf":[],"yoast_head":"<!-- This site is optimized with the Yoast SEO plugin v26.6 - https:\/\/yoast.com\/wordpress\/plugins\/seo\/ -->\n<title>Forside - RTR Law<\/title>\n<meta name=\"robots\" content=\"index, follow, max-snippet:-1, max-image-preview:large, max-video-preview:-1\" \/>\n<link rel=\"canonical\" href=\"https:\/\/rtr-law.com\/da\/\" \/>\n<meta property=\"og:locale\" content=\"da_DK\" \/>\n<meta property=\"og:type\" content=\"article\" \/>\n<meta property=\"og:title\" content=\"Forside - RTR Law\" \/>\n<meta property=\"og:description\" content=\"Om RTR Law Advokater beskikket i Danmark, England og USARosenfalck &amp; Thorup er et dansk advokatfirma, der leverer pragmatisk r\u00e5dgivning indenfor erhvervsretten, med en unik fokus p\u00e5 amerikansk og engelsk ret. Hvis jeres firma g\u00e5r med internationale ekspansionsplaner, s\u00e5 kontakt en af vore advokater. Vore advokater er beskikket i Danmark, England og USA, hvor de [&hellip;]\" \/>\n<meta property=\"og:url\" content=\"https:\/\/rtr-law.com\/da\/\" \/>\n<meta property=\"og:site_name\" content=\"RTR Law\" \/>\n<meta property=\"article:modified_time\" content=\"2026-02-04T09:08:06+00:00\" \/>\n<meta property=\"og:image\" content=\"https:\/\/rtr-law.com\/wp-content\/uploads\/2022\/10\/Thorup-Law-logo-image.png\" \/>\n\t<meta property=\"og:image:width\" content=\"1200\" \/>\n\t<meta property=\"og:image:height\" content=\"650\" \/>\n\t<meta property=\"og:image:type\" content=\"image\/png\" \/>\n<meta name=\"twitter:card\" content=\"summary_large_image\" \/>\n<meta name=\"twitter:label1\" content=\"Estimeret l\u00e6setid\" \/>\n\t<meta name=\"twitter:data1\" content=\"1 minut\" \/>\n<script type=\"application\/ld+json\" class=\"yoast-schema-graph\">{\"@context\":\"https:\/\/schema.org\",\"@graph\":[{\"@type\":\"WebPage\",\"@id\":\"https:\/\/rtr-law.com\/da\/\",\"url\":\"https:\/\/rtr-law.com\/da\/\",\"name\":\"Forside - RTR Law\",\"isPartOf\":{\"@id\":\"https:\/\/thomasthoruplaw.com\/#website\"},\"datePublished\":\"2024-05-14T09:28:42+00:00\",\"dateModified\":\"2026-02-04T09:08:06+00:00\",\"breadcrumb\":{\"@id\":\"https:\/\/rtr-law.com\/da\/#breadcrumb\"},\"inLanguage\":\"da-DK\",\"potentialAction\":[{\"@type\":\"ReadAction\",\"target\":[\"https:\/\/rtr-law.com\/da\/\"]}]},{\"@type\":\"BreadcrumbList\",\"@id\":\"https:\/\/rtr-law.com\/da\/#breadcrumb\",\"itemListElement\":[{\"@type\":\"ListItem\",\"position\":1,\"name\":\"Hjem\",\"item\":\"https:\/\/rtr-law.com\/da\/\"},{\"@type\":\"ListItem\",\"position\":2,\"name\":\"Forside\"}]},{\"@type\":\"WebSite\",\"@id\":\"https:\/\/thomasthoruplaw.com\/#website\",\"url\":\"https:\/\/thomasthoruplaw.com\/\",\"name\":\"RTR Law\",\"description\":\"Endnu en WordPress-blog\",\"potentialAction\":[{\"@type\":\"SearchAction\",\"target\":{\"@type\":\"EntryPoint\",\"urlTemplate\":\"https:\/\/thomasthoruplaw.com\/?s={search_term_string}\"},\"query-input\":{\"@type\":\"PropertyValueSpecification\",\"valueRequired\":true,\"valueName\":\"search_term_string\"}}],\"inLanguage\":\"da-DK\"}]}<\/script>\n<!-- \/ Yoast SEO plugin. -->","yoast_head_json":{"title":"Forside - RTR Law","robots":{"index":"index","follow":"follow","max-snippet":"max-snippet:-1","max-image-preview":"max-image-preview:large","max-video-preview":"max-video-preview:-1"},"canonical":"https:\/\/rtr-law.com\/da\/","og_locale":"da_DK","og_type":"article","og_title":"Forside - RTR Law","og_description":"Om RTR Law Advokater beskikket i Danmark, England og USARosenfalck &amp; Thorup er et dansk advokatfirma, der leverer pragmatisk r\u00e5dgivning indenfor erhvervsretten, med en unik fokus p\u00e5 amerikansk og engelsk ret. Hvis jeres firma g\u00e5r med internationale ekspansionsplaner, s\u00e5 kontakt en af vore advokater. Vore advokater er beskikket i Danmark, England og USA, hvor de [&hellip;]","og_url":"https:\/\/rtr-law.com\/da\/","og_site_name":"RTR Law","article_modified_time":"2026-02-04T09:08:06+00:00","og_image":[{"width":1200,"height":650,"url":"https:\/\/rtr-law.com\/wp-content\/uploads\/2022\/10\/Thorup-Law-logo-image.png","type":"image\/png"}],"twitter_card":"summary_large_image","twitter_misc":{"Estimeret l\u00e6setid":"1 minut"},"schema":{"@context":"https:\/\/schema.org","@graph":[{"@type":"WebPage","@id":"https:\/\/rtr-law.com\/da\/","url":"https:\/\/rtr-law.com\/da\/","name":"Forside - RTR Law","isPartOf":{"@id":"https:\/\/thomasthoruplaw.com\/#website"},"datePublished":"2024-05-14T09:28:42+00:00","dateModified":"2026-02-04T09:08:06+00:00","breadcrumb":{"@id":"https:\/\/rtr-law.com\/da\/#breadcrumb"},"inLanguage":"da-DK","potentialAction":[{"@type":"ReadAction","target":["https:\/\/rtr-law.com\/da\/"]}]},{"@type":"BreadcrumbList","@id":"https:\/\/rtr-law.com\/da\/#breadcrumb","itemListElement":[{"@type":"ListItem","position":1,"name":"Hjem","item":"https:\/\/rtr-law.com\/da\/"},{"@type":"ListItem","position":2,"name":"Forside"}]},{"@type":"WebSite","@id":"https:\/\/thomasthoruplaw.com\/#website","url":"https:\/\/thomasthoruplaw.com\/","name":"RTR Law","description":"Endnu en WordPress-blog","potentialAction":[{"@type":"SearchAction","target":{"@type":"EntryPoint","urlTemplate":"https:\/\/thomasthoruplaw.com\/?s={search_term_string}"},"query-input":{"@type":"PropertyValueSpecification","valueRequired":true,"valueName":"search_term_string"}}],"inLanguage":"da-DK"}]}},"_links":{"self":[{"href":"https:\/\/rtr-law.com\/da\/wp-json\/wp\/v2\/pages\/1560","targetHints":{"allow":["GET"]}}],"collection":[{"href":"https:\/\/rtr-law.com\/da\/wp-json\/wp\/v2\/pages"}],"about":[{"href":"https:\/\/rtr-law.com\/da\/wp-json\/wp\/v2\/types\/page"}],"author":[{"embeddable":true,"href":"https:\/\/rtr-law.com\/da\/wp-json\/wp\/v2\/users\/1"}],"replies":[{"embeddable":true,"href":"https:\/\/rtr-law.com\/da\/wp-json\/wp\/v2\/comments?post=1560"}],"version-history":[{"count":11,"href":"https:\/\/rtr-law.com\/da\/wp-json\/wp\/v2\/pages\/1560\/revisions"}],"predecessor-version":[{"id":1733,"href":"https:\/\/rtr-law.com\/da\/wp-json\/wp\/v2\/pages\/1560\/revisions\/1733"}],"wp:attachment":[{"href":"https:\/\/rtr-law.com\/da\/wp-json\/wp\/v2\/media?parent=1560"}],"curies":[{"name":"wp","href":"https:\/\/api.w.org\/{rel}","templated":true}]}}