{"id":1477,"date":"2024-05-13T14:10:15","date_gmt":"2024-05-13T12:10:15","guid":{"rendered":"https:\/\/rtr-law.com\/?page_id=1477"},"modified":"2024-05-13T14:13:44","modified_gmt":"2024-05-13T12:13:44","slug":"kontrakter","status":"publish","type":"page","link":"https:\/\/rtr-law.com\/da\/kontrakter\/","title":{"rendered":"Kontrakter"},"content":{"rendered":"<p>[et_pb_section fb_built=&#8221;1&#8243; admin_label=&#8221;Header &#8211; Sektion&#8221; module_class=&#8221;header-sektion&#8221; _builder_version=&#8221;4.25.0&#8243; _module_preset=&#8221;default&#8221; background_image=&#8221;https:\/\/rtr-law.com\/wp-content\/uploads\/2022\/08\/hero_office.jpg&#8221; global_colors_info=&#8221;{}&#8221;][\/et_pb_section][et_pb_section fb_built=&#8221;1&#8243; admin_label=&#8221;Ekspertise &#8211; body &#8211; Sektion&#8221; module_class=&#8221;ydelser-body-sektion&#8221; _builder_version=&#8221;4.17.4&#8243; _module_preset=&#8221;default&#8221; global_colors_info=&#8221;{}&#8221;][et_pb_row column_structure=&#8221;1_4,1_2,1_4&#8243; _builder_version=&#8221;4.17.4&#8243; _module_preset=&#8221;default&#8221; global_colors_info=&#8221;{}&#8221;][et_pb_column type=&#8221;1_4&#8243; _builder_version=&#8221;4.17.4&#8243; _module_preset=&#8221;default&#8221; global_colors_info=&#8221;{}&#8221;][et_pb_text admin_label=&#8221;Titel &#8211; Tekst&#8221; _builder_version=&#8221;4.25.0&#8243; _module_preset=&#8221;default&#8221; global_colors_info=&#8221;{}&#8221;]<\/p>\n<h1>Contracts in <strong>Denmark<\/strong><\/h1>\n<p>[\/et_pb_text][\/et_pb_column][et_pb_column type=&#8221;1_2&#8243; _builder_version=&#8221;4.17.4&#8243; _module_preset=&#8221;default&#8221; global_colors_info=&#8221;{}&#8221;][et_pb_text _builder_version=&#8221;4.25.0&#8243; _module_preset=&#8221;default&#8221; hover_enabled=&#8221;0&#8243; global_colors_info=&#8221;{}&#8221; sticky_enabled=&#8221;0&#8243;]<\/p>\n<p>Hovedform\u00e5let med at udf\u00e6rdige en god kontrakt er at beskrive partnernes rettigheder og forpligtigelser med henblik p\u00e5 at skabe forudsigelighed. Et biprodukt af hele processen med at lave udkast til kontrakt og forhandlingen heraf med ens modpart er, at det ogs\u00e5 er med til at afstemme partnernes forventninger inden, at man skriver under.<\/p>\n<p>Dette kan ogs\u00e5 spare omkostninger senere hen, hvis der opst\u00e5r uenighed.<\/p>\n<p>Vi bist\u00e5r med danske kontrakter p\u00e5 dansk, danske kontrakter p\u00e5 engelsk, samt amerikanske og britiske kontrakter p\u00e5 engelsk.<\/p>\n<p>Vi har efterh\u00e5nden en del \u00e5rs erfaring med at r\u00e5dgive danske virksomheder om b\u00e5de danske og internationale kontrakter indenfor:<\/p>\n<ul>\n<li>Agent- og forhandleraftaler.<\/li>\n<li>Konsulentaftaler.<\/li>\n<li>Leveringsaftaler<\/li>\n<li>Handelsbetingelser<\/li>\n<li>IT kontakter.<\/li>\n<li>Licensaftaler.<\/li>\n<li>Samarbejdsaftaler<\/li>\n<\/ul>\n<p>[\/et_pb_text][\/et_pb_column][et_pb_column type=&#8221;1_4&#8243; _builder_version=&#8221;4.17.4&#8243; _module_preset=&#8221;default&#8221; global_colors_info=&#8221;{}&#8221;][dpdfg_filtergrid custom_query=&#8221;advanced&#8221; multiple_cpt=&#8221;team&#8221; use_taxonomy_terms=&#8221;on&#8221; multiple_taxonomies=&#8221;vis-person&#8221; include_terms=&#8221;18&#8243; post_number=&#8221;1&#8243; use_overlay=&#8221;off&#8221; show_post_meta=&#8221;off&#8221; show_custom_fields=&#8221;on&#8221; custom_fields=&#8221;%91{%22name%22:%22qualifications_title%22,%22label%22:%22%22},{%22name%22:%22email%22,%22label%22:%22%22},{%22name%22:%22danish_mobile%22,%22label%22:%22%22},{%22name%22:%22us_mobile%22,%22label%22:%22%22}%93&#8243; show_filters=&#8221;off&#8221; show_pagination=&#8221;off&#8221; items_layout=&#8221;dp-dfg-layout-none&#8221; admin_label=&#8221;Steen &#8211; Kontakt &#8211; Divi FilterGrid&#8221; module_class=&#8221;kontaktperson&#8221; _builder_version=&#8221;4.25.0&#8243; _module_preset=&#8221;default&#8221; sticky_position=&#8221;top&#8221; sticky_offset_top=&#8221;30px&#8221; sticky_limit_bottom=&#8221;row&#8221; saved_tabs=&#8221;all&#8221; global_colors_info=&#8221;{}&#8221; global_module=&#8221;1405&#8243; theme_builder_area=&#8221;post_content&#8221;][\/dpdfg_filtergrid][\/et_pb_column][\/et_pb_row][\/et_pb_section]<\/p>\n","protected":false},"excerpt":{"rendered":"<p>Contracts in Denmark Hovedform\u00e5let med at udf\u00e6rdige en god kontrakt er at beskrive partnernes rettigheder og forpligtigelser med henblik p\u00e5 at skabe forudsigelighed. Et biprodukt af hele processen med at lave udkast til kontrakt og forhandlingen heraf med ens modpart er, at det ogs\u00e5 er med til at afstemme partnernes forventninger inden, at man skriver [&hellip;]<\/p>\n","protected":false},"author":1,"featured_media":0,"parent":0,"menu_order":0,"comment_status":"closed","ping_status":"closed","template":"","meta":{"_acf_changed":false,"_et_pb_use_builder":"on","_et_pb_old_content":"<p>[et_pb_section fb_built=\"1\" admin_label=\"Header - Sektion\" module_class=\"header-sektion\" _builder_version=\"4.25.0\" _module_preset=\"default\" background_image=\"https:\/\/rtr-law.com\/wp-content\/uploads\/2022\/08\/hero_office.jpg\" global_colors_info=\"{}\" theme_builder_area=\"post_content\"][\/et_pb_section][et_pb_section fb_built=\"1\" admin_label=\"Ekspertise - body - Sektion\" module_class=\"ydelser-body-sektion\" _builder_version=\"4.17.4\" _module_preset=\"default\" global_colors_info=\"{}\" theme_builder_area=\"post_content\"][et_pb_row column_structure=\"1_4,1_2,1_4\" _builder_version=\"4.17.4\" _module_preset=\"default\" global_colors_info=\"{}\" theme_builder_area=\"post_content\"][et_pb_column type=\"1_4\" _builder_version=\"4.17.4\" _module_preset=\"default\" global_colors_info=\"{}\" theme_builder_area=\"post_content\"][et_pb_text admin_label=\"Titel - Tekst\" _builder_version=\"4.25.0\" _module_preset=\"default\" hover_enabled=\"0\" global_colors_info=\"{}\" theme_builder_area=\"post_content\" sticky_enabled=\"0\"]<\/p><h1>Contracts in <strong>Denmark<\/strong><\/h1><p>[\/et_pb_text][\/et_pb_column][et_pb_column type=\"1_2\" _builder_version=\"4.17.4\" _module_preset=\"default\" global_colors_info=\"{}\" theme_builder_area=\"post_content\"][et_pb_text _builder_version=\"4.25.0\" _module_preset=\"default\" hover_enabled=\"0\" global_colors_info=\"{}\" theme_builder_area=\"post_content\" sticky_enabled=\"0\"]<\/p><p>Advising clients on both domestic and cross border matters, it is the combination of our international expertise and knowledge of local business practices that really sets us apart. We support our clients in the following areas:<\/p><ul><li>Agency and distribution agreements.<\/li><li>Consultancy contracts.<\/li><li>Supply agreements.<\/li><li>IT agreements.<\/li><li>Licensing agreements.<\/li><li>General terms and conditions.<\/li><\/ul><p>[\/et_pb_text][\/et_pb_column][et_pb_column type=\"1_4\" _builder_version=\"4.17.4\" _module_preset=\"default\" global_colors_info=\"{}\" theme_builder_area=\"post_content\"][dpdfg_filtergrid custom_query=\"advanced\" multiple_cpt=\"team\" use_taxonomy_terms=\"on\" multiple_taxonomies=\"vis-person\" include_terms=\"18\" post_number=\"1\" use_overlay=\"off\" show_post_meta=\"off\" show_custom_fields=\"on\" custom_fields=\"%91{%22name%22:%22qualifications_title%22,%22label%22:%22%22},{%22name%22:%22email%22,%22label%22:%22%22},{%22name%22:%22danish_mobile%22,%22label%22:%22%22},{%22name%22:%22us_mobile%22,%22label%22:%22%22}%93\" show_filters=\"off\" show_pagination=\"off\" items_layout=\"dp-dfg-layout-none\" admin_label=\"Steen - Kontakt - Divi FilterGrid\" module_class=\"kontaktperson\" _builder_version=\"4.25.0\" _module_preset=\"default\" sticky_position=\"top\" sticky_offset_top=\"30px\" sticky_limit_bottom=\"row\" global_module=\"1125\" saved_tabs=\"all\" global_colors_info=\"{}\" theme_builder_area=\"post_content\"][\/dpdfg_filtergrid][\/et_pb_column][\/et_pb_row][\/et_pb_section]<\/p>","_et_gb_content_width":"","footnotes":""},"class_list":["post-1477","page","type-page","status-publish","hentry"],"acf":[],"yoast_head":"<!-- This site is optimized with the Yoast SEO plugin v26.6 - https:\/\/yoast.com\/wordpress\/plugins\/seo\/ -->\n<title>Kontrakter - RTR Law<\/title>\n<meta name=\"robots\" content=\"index, follow, max-snippet:-1, max-image-preview:large, max-video-preview:-1\" \/>\n<link rel=\"canonical\" href=\"https:\/\/rtr-law.com\/da\/kontrakter\/\" \/>\n<meta property=\"og:locale\" content=\"da_DK\" \/>\n<meta property=\"og:type\" content=\"article\" \/>\n<meta property=\"og:title\" content=\"Kontrakter - RTR Law\" \/>\n<meta property=\"og:description\" content=\"Contracts in Denmark Hovedform\u00e5let med at udf\u00e6rdige en god kontrakt er at beskrive partnernes rettigheder og forpligtigelser med henblik p\u00e5 at skabe forudsigelighed. Et biprodukt af hele processen med at lave udkast til kontrakt og forhandlingen heraf med ens modpart er, at det ogs\u00e5 er med til at afstemme partnernes forventninger inden, at man skriver [&hellip;]\" \/>\n<meta property=\"og:url\" content=\"https:\/\/rtr-law.com\/da\/kontrakter\/\" \/>\n<meta property=\"og:site_name\" content=\"RTR Law\" \/>\n<meta property=\"article:modified_time\" content=\"2024-05-13T12:13:44+00:00\" \/>\n<meta property=\"og:image\" content=\"https:\/\/rtr-law.com\/wp-content\/uploads\/2022\/10\/Thorup-Law-logo-image.png\" \/>\n\t<meta property=\"og:image:width\" content=\"1200\" \/>\n\t<meta property=\"og:image:height\" content=\"650\" \/>\n\t<meta property=\"og:image:type\" content=\"image\/png\" \/>\n<meta name=\"twitter:card\" content=\"summary_large_image\" \/>\n<meta name=\"twitter:label1\" content=\"Estimeret l\u00e6setid\" \/>\n\t<meta name=\"twitter:data1\" content=\"2 minutter\" \/>\n<script type=\"application\/ld+json\" class=\"yoast-schema-graph\">{\"@context\":\"https:\/\/schema.org\",\"@graph\":[{\"@type\":\"WebPage\",\"@id\":\"https:\/\/rtr-law.com\/da\/kontrakter\/\",\"url\":\"https:\/\/rtr-law.com\/da\/kontrakter\/\",\"name\":\"Kontrakter - RTR Law\",\"isPartOf\":{\"@id\":\"https:\/\/thomasthoruplaw.com\/#website\"},\"datePublished\":\"2024-05-13T12:10:15+00:00\",\"dateModified\":\"2024-05-13T12:13:44+00:00\",\"breadcrumb\":{\"@id\":\"https:\/\/rtr-law.com\/da\/kontrakter\/#breadcrumb\"},\"inLanguage\":\"da-DK\",\"potentialAction\":[{\"@type\":\"ReadAction\",\"target\":[\"https:\/\/rtr-law.com\/da\/kontrakter\/\"]}]},{\"@type\":\"BreadcrumbList\",\"@id\":\"https:\/\/rtr-law.com\/da\/kontrakter\/#breadcrumb\",\"itemListElement\":[{\"@type\":\"ListItem\",\"position\":1,\"name\":\"Hjem\",\"item\":\"https:\/\/rtr-law.com\/da\/\"},{\"@type\":\"ListItem\",\"position\":2,\"name\":\"Kontrakter\"}]},{\"@type\":\"WebSite\",\"@id\":\"https:\/\/thomasthoruplaw.com\/#website\",\"url\":\"https:\/\/thomasthoruplaw.com\/\",\"name\":\"RTR Law\",\"description\":\"Endnu en WordPress-blog\",\"potentialAction\":[{\"@type\":\"SearchAction\",\"target\":{\"@type\":\"EntryPoint\",\"urlTemplate\":\"https:\/\/thomasthoruplaw.com\/?s={search_term_string}\"},\"query-input\":{\"@type\":\"PropertyValueSpecification\",\"valueRequired\":true,\"valueName\":\"search_term_string\"}}],\"inLanguage\":\"da-DK\"}]}<\/script>\n<!-- \/ Yoast SEO plugin. -->","yoast_head_json":{"title":"Kontrakter - RTR Law","robots":{"index":"index","follow":"follow","max-snippet":"max-snippet:-1","max-image-preview":"max-image-preview:large","max-video-preview":"max-video-preview:-1"},"canonical":"https:\/\/rtr-law.com\/da\/kontrakter\/","og_locale":"da_DK","og_type":"article","og_title":"Kontrakter - RTR Law","og_description":"Contracts in Denmark Hovedform\u00e5let med at udf\u00e6rdige en god kontrakt er at beskrive partnernes rettigheder og forpligtigelser med henblik p\u00e5 at skabe forudsigelighed. Et biprodukt af hele processen med at lave udkast til kontrakt og forhandlingen heraf med ens modpart er, at det ogs\u00e5 er med til at afstemme partnernes forventninger inden, at man skriver [&hellip;]","og_url":"https:\/\/rtr-law.com\/da\/kontrakter\/","og_site_name":"RTR Law","article_modified_time":"2024-05-13T12:13:44+00:00","og_image":[{"width":1200,"height":650,"url":"https:\/\/rtr-law.com\/wp-content\/uploads\/2022\/10\/Thorup-Law-logo-image.png","type":"image\/png"}],"twitter_card":"summary_large_image","twitter_misc":{"Estimeret l\u00e6setid":"2 minutter"},"schema":{"@context":"https:\/\/schema.org","@graph":[{"@type":"WebPage","@id":"https:\/\/rtr-law.com\/da\/kontrakter\/","url":"https:\/\/rtr-law.com\/da\/kontrakter\/","name":"Kontrakter - RTR Law","isPartOf":{"@id":"https:\/\/thomasthoruplaw.com\/#website"},"datePublished":"2024-05-13T12:10:15+00:00","dateModified":"2024-05-13T12:13:44+00:00","breadcrumb":{"@id":"https:\/\/rtr-law.com\/da\/kontrakter\/#breadcrumb"},"inLanguage":"da-DK","potentialAction":[{"@type":"ReadAction","target":["https:\/\/rtr-law.com\/da\/kontrakter\/"]}]},{"@type":"BreadcrumbList","@id":"https:\/\/rtr-law.com\/da\/kontrakter\/#breadcrumb","itemListElement":[{"@type":"ListItem","position":1,"name":"Hjem","item":"https:\/\/rtr-law.com\/da\/"},{"@type":"ListItem","position":2,"name":"Kontrakter"}]},{"@type":"WebSite","@id":"https:\/\/thomasthoruplaw.com\/#website","url":"https:\/\/thomasthoruplaw.com\/","name":"RTR Law","description":"Endnu en WordPress-blog","potentialAction":[{"@type":"SearchAction","target":{"@type":"EntryPoint","urlTemplate":"https:\/\/thomasthoruplaw.com\/?s={search_term_string}"},"query-input":{"@type":"PropertyValueSpecification","valueRequired":true,"valueName":"search_term_string"}}],"inLanguage":"da-DK"}]}},"_links":{"self":[{"href":"https:\/\/rtr-law.com\/da\/wp-json\/wp\/v2\/pages\/1477","targetHints":{"allow":["GET"]}}],"collection":[{"href":"https:\/\/rtr-law.com\/da\/wp-json\/wp\/v2\/pages"}],"about":[{"href":"https:\/\/rtr-law.com\/da\/wp-json\/wp\/v2\/types\/page"}],"author":[{"embeddable":true,"href":"https:\/\/rtr-law.com\/da\/wp-json\/wp\/v2\/users\/1"}],"replies":[{"embeddable":true,"href":"https:\/\/rtr-law.com\/da\/wp-json\/wp\/v2\/comments?post=1477"}],"version-history":[{"count":4,"href":"https:\/\/rtr-law.com\/da\/wp-json\/wp\/v2\/pages\/1477\/revisions"}],"predecessor-version":[{"id":1483,"href":"https:\/\/rtr-law.com\/da\/wp-json\/wp\/v2\/pages\/1477\/revisions\/1483"}],"wp:attachment":[{"href":"https:\/\/rtr-law.com\/da\/wp-json\/wp\/v2\/media?parent=1477"}],"curies":[{"name":"wp","href":"https:\/\/api.w.org\/{rel}","templated":true}]}}