{"id":1402,"date":"2024-05-13T13:40:06","date_gmt":"2024-05-13T11:40:06","guid":{"rendered":"https:\/\/rtr-law.com\/?page_id=1402"},"modified":"2024-05-13T13:43:13","modified_gmt":"2024-05-13T11:43:13","slug":"selskabsadministration-i-storbritannien","status":"publish","type":"page","link":"https:\/\/rtr-law.com\/da\/selskabsadministration-i-storbritannien\/","title":{"rendered":"Selskabsadministration i Storbritannien"},"content":{"rendered":"<p>[et_pb_section fb_built=&#8221;1&#8243; admin_label=&#8221;Header &#8211; Sektion&#8221; module_class=&#8221;header-sektion&#8221; _builder_version=&#8221;4.25.0&#8243; _module_preset=&#8221;default&#8221; background_image=&#8221;https:\/\/rtr-law.com\/wp-content\/uploads\/2022\/08\/hero_office.jpg&#8221; global_colors_info=&#8221;{}&#8221;][\/et_pb_section][et_pb_section fb_built=&#8221;1&#8243; admin_label=&#8221;Ekspertise &#8211; body &#8211; Sektion&#8221; module_class=&#8221;ydelser-body-sektion&#8221; _builder_version=&#8221;4.17.4&#8243; _module_preset=&#8221;default&#8221; global_colors_info=&#8221;{}&#8221;][et_pb_row column_structure=&#8221;1_4,1_2,1_4&#8243; _builder_version=&#8221;4.17.4&#8243; _module_preset=&#8221;default&#8221; global_colors_info=&#8221;{}&#8221;][et_pb_column type=&#8221;1_4&#8243; _builder_version=&#8221;4.17.4&#8243; _module_preset=&#8221;default&#8221; global_colors_info=&#8221;{}&#8221;][et_pb_text admin_label=&#8221;Titel &#8211; Tekst&#8221; _builder_version=&#8221;4.25.0&#8243; _module_preset=&#8221;default&#8221; hover_enabled=&#8221;0&#8243; global_colors_info=&#8221;{}&#8221; sticky_enabled=&#8221;0&#8243;]<\/p>\n<h1>Selskabs\u00adadministration i<strong> Storbritannien<\/strong><\/h1>\n<p>[\/et_pb_text][\/et_pb_column][et_pb_column type=&#8221;1_2&#8243; _builder_version=&#8221;4.17.4&#8243; _module_preset=&#8221;default&#8221; global_colors_info=&#8221;{}&#8221;][et_pb_text _builder_version=&#8221;4.25.0&#8243; _module_preset=&#8221;default&#8221; global_colors_info=&#8221;{}&#8221;]<\/p>\n<p>Udover stiftelse af dit selskab, kan vi ogs\u00e5 tilbyde en hjemstedsadresse i London, videresendelse af post, samt selskabsretlig compliance. Sidstn\u00e6vnte er typisk indgivelse af en \u00e5rlig rapport (confirmation statement) til myndighederne, samt vedligeholdelse af selskabets statutory registers.<\/p>\n<p>Dette sker i samarbejde med vort lokale kontor i London.<\/p>\n<p>Herudover kan vi ogs\u00e5 introducere dig til lokale samarbejdspartnere, hvis I skal bruge bistand med l\u00f8nningsbogholderi, bogf\u00f8ring, regnskaber m.v.<\/p>\n<p>[\/et_pb_text][\/et_pb_column][et_pb_column type=&#8221;1_4&#8243; _builder_version=&#8221;4.17.4&#8243; _module_preset=&#8221;default&#8221; global_colors_info=&#8221;{}&#8221;][dpdfg_filtergrid custom_query=&#8221;advanced&#8221; multiple_cpt=&#8221;team&#8221; use_taxonomy_terms=&#8221;on&#8221; multiple_taxonomies=&#8221;vis-person&#8221; include_terms=&#8221;18&#8243; post_number=&#8221;1&#8243; use_overlay=&#8221;off&#8221; show_post_meta=&#8221;off&#8221; show_custom_fields=&#8221;on&#8221; custom_fields=&#8221;%91{%22name%22:%22qualifications_title%22,%22label%22:%22%22},{%22name%22:%22email%22,%22label%22:%22%22},{%22name%22:%22danish_mobile%22,%22label%22:%22%22},{%22name%22:%22us_mobile%22,%22label%22:%22%22}%93&#8243; show_filters=&#8221;off&#8221; show_pagination=&#8221;off&#8221; items_layout=&#8221;dp-dfg-layout-none&#8221; admin_label=&#8221;Steen &#8211; Kontakt &#8211; Divi FilterGrid&#8221; module_class=&#8221;kontaktperson&#8221; _builder_version=&#8221;4.25.0&#8243; _module_preset=&#8221;default&#8221; sticky_position=&#8221;top&#8221; sticky_offset_top=&#8221;30px&#8221; sticky_limit_bottom=&#8221;row&#8221; global_module=&#8221;1405&#8243; saved_tabs=&#8221;all&#8221; global_colors_info=&#8221;{}&#8221;][\/dpdfg_filtergrid][\/et_pb_column][\/et_pb_row][\/et_pb_section]<\/p>\n","protected":false},"excerpt":{"rendered":"<p>Selskabs\u00adadministration i StorbritannienUdover stiftelse af dit selskab, kan vi ogs\u00e5 tilbyde en hjemstedsadresse i London, videresendelse af post, samt selskabsretlig compliance. Sidstn\u00e6vnte er typisk indgivelse af en \u00e5rlig rapport (confirmation statement) til myndighederne, samt vedligeholdelse af selskabets statutory registers. Dette sker i samarbejde med vort lokale kontor i London. Herudover kan vi ogs\u00e5 introducere dig [&hellip;]<\/p>\n","protected":false},"author":1,"featured_media":0,"parent":0,"menu_order":0,"comment_status":"closed","ping_status":"closed","template":"","meta":{"_acf_changed":false,"_et_pb_use_builder":"on","_et_pb_old_content":"<p>[et_pb_section fb_built=\"1\" admin_label=\"Header - Sektion\" module_class=\"header-sektion\" _builder_version=\"4.25.0\" _module_preset=\"default\" background_image=\"https:\/\/rtr-law.com\/wp-content\/uploads\/2022\/08\/hero_office.jpg\" global_colors_info=\"{}\" theme_builder_area=\"post_content\"][\/et_pb_section][et_pb_section fb_built=\"1\" admin_label=\"Ekspertise - body - Sektion\" module_class=\"ydelser-body-sektion\" _builder_version=\"4.17.4\" _module_preset=\"default\" global_colors_info=\"{}\" theme_builder_area=\"post_content\"][et_pb_row column_structure=\"1_4,1_2,1_4\" _builder_version=\"4.17.4\" _module_preset=\"default\" global_colors_info=\"{}\" theme_builder_area=\"post_content\"][et_pb_column type=\"1_4\" _builder_version=\"4.17.4\" _module_preset=\"default\" global_colors_info=\"{}\" theme_builder_area=\"post_content\"][et_pb_text admin_label=\"Titel - Tekst\" _builder_version=\"4.25.0\" _module_preset=\"default\" hover_enabled=\"0\" global_colors_info=\"{}\" theme_builder_area=\"post_content\" sticky_enabled=\"0\"]<\/p><h1>Company administration in the<strong> UK<\/strong><\/h1><p>[\/et_pb_text][\/et_pb_column][et_pb_column type=\"1_2\" _builder_version=\"4.17.4\" _module_preset=\"default\" global_colors_info=\"{}\" theme_builder_area=\"post_content\"][et_pb_text _builder_version=\"4.25.0\" _module_preset=\"default\" hover_enabled=\"0\" global_colors_info=\"{}\" theme_builder_area=\"post_content\" sticky_enabled=\"0\"]<\/p><p>A limited liability company is subject to local compliance in the UK. Amongst other, this involves regularly filings of tax returns, confirmation statement, and maintaining and updating the company\u2019s statutory registers.<\/p><p>Using our Corporate Service enable our clients to focus on the running of the business leaving the\u00a0 compliance under English company law to us. The\u00a0basic service\u00a0includes:<\/p><ul><li>Registered office<\/li><\/ul><p>We will provide a registered office address for correspondence with public bodies (e.g. Companies House and HMRC) to include service of documents at our London office. We will forward post to your designated contact regularly.<\/p><ul><li>Company secretary<\/li><\/ul><p>We will maintain the statutory books which are the registers of:<\/p><ul><li>Allotment of shares<\/li><li>Members<\/li><li>Transfers of shares<\/li><li>Directors<\/li><li>Company secretaries<\/li><li>People with Significant Control (PSC)<\/li><li>Minutes, which record the proceedings of Board meetings and shareholders\u2019 meetings<\/li><\/ul><p>The statutory books are normally kept at the registered office.<\/p><p>We will prepare and file annual confirmation statement at Companies House, and also liaise with you in relation to filing dates for audited annual accounts with the tax authorities (HMRC).<\/p><p>[\/et_pb_text][\/et_pb_column][et_pb_column type=\"1_4\" _builder_version=\"4.17.4\" _module_preset=\"default\" global_colors_info=\"{}\" theme_builder_area=\"post_content\"][dpdfg_filtergrid custom_query=\"advanced\" multiple_cpt=\"team\" use_taxonomy_terms=\"on\" multiple_taxonomies=\"vis-person\" include_terms=\"18\" post_number=\"1\" use_overlay=\"off\" show_post_meta=\"off\" show_custom_fields=\"on\" custom_fields=\"%91{%22name%22:%22qualifications_title%22,%22label%22:%22%22},{%22name%22:%22email%22,%22label%22:%22%22},{%22name%22:%22danish_mobile%22,%22label%22:%22%22},{%22name%22:%22us_mobile%22,%22label%22:%22%22}%93\" show_filters=\"off\" show_pagination=\"off\" items_layout=\"dp-dfg-layout-none\" admin_label=\"Steen - Kontakt - Divi FilterGrid\" module_class=\"kontaktperson\" _builder_version=\"4.25.0\" _module_preset=\"default\" sticky_position=\"top\" sticky_offset_top=\"30px\" sticky_limit_bottom=\"row\" global_module=\"1125\" saved_tabs=\"all\" global_colors_info=\"{}\" theme_builder_area=\"post_content\"][\/dpdfg_filtergrid][\/et_pb_column][\/et_pb_row][\/et_pb_section]<\/p>","_et_gb_content_width":"","footnotes":""},"class_list":["post-1402","page","type-page","status-publish","hentry"],"acf":[],"yoast_head":"<!-- This site is optimized with the Yoast SEO plugin v26.6 - https:\/\/yoast.com\/wordpress\/plugins\/seo\/ -->\n<title>Selskabsadministration i Storbritannien - RTR Law<\/title>\n<meta name=\"robots\" content=\"index, follow, max-snippet:-1, max-image-preview:large, max-video-preview:-1\" \/>\n<link rel=\"canonical\" href=\"https:\/\/rtr-law.com\/da\/selskabsadministration-i-storbritannien\/\" \/>\n<meta property=\"og:locale\" content=\"da_DK\" \/>\n<meta property=\"og:type\" content=\"article\" \/>\n<meta property=\"og:title\" content=\"Selskabsadministration i Storbritannien - RTR Law\" \/>\n<meta property=\"og:description\" content=\"Selskabs\u00adadministration i StorbritannienUdover stiftelse af dit selskab, kan vi ogs\u00e5 tilbyde en hjemstedsadresse i London, videresendelse af post, samt selskabsretlig compliance. Sidstn\u00e6vnte er typisk indgivelse af en \u00e5rlig rapport (confirmation statement) til myndighederne, samt vedligeholdelse af selskabets statutory registers. Dette sker i samarbejde med vort lokale kontor i London. Herudover kan vi ogs\u00e5 introducere dig [&hellip;]\" \/>\n<meta property=\"og:url\" content=\"https:\/\/rtr-law.com\/da\/selskabsadministration-i-storbritannien\/\" \/>\n<meta property=\"og:site_name\" content=\"RTR Law\" \/>\n<meta property=\"article:modified_time\" content=\"2024-05-13T11:43:13+00:00\" \/>\n<meta property=\"og:image\" content=\"https:\/\/rtr-law.com\/wp-content\/uploads\/2022\/10\/Thorup-Law-logo-image.png\" \/>\n\t<meta property=\"og:image:width\" content=\"1200\" \/>\n\t<meta property=\"og:image:height\" content=\"650\" \/>\n\t<meta property=\"og:image:type\" content=\"image\/png\" \/>\n<meta name=\"twitter:card\" content=\"summary_large_image\" \/>\n<meta name=\"twitter:label1\" content=\"Estimeret l\u00e6setid\" \/>\n\t<meta name=\"twitter:data1\" content=\"2 minutter\" \/>\n<script type=\"application\/ld+json\" class=\"yoast-schema-graph\">{\"@context\":\"https:\/\/schema.org\",\"@graph\":[{\"@type\":\"WebPage\",\"@id\":\"https:\/\/rtr-law.com\/da\/selskabsadministration-i-storbritannien\/\",\"url\":\"https:\/\/rtr-law.com\/da\/selskabsadministration-i-storbritannien\/\",\"name\":\"Selskabsadministration i Storbritannien - RTR Law\",\"isPartOf\":{\"@id\":\"https:\/\/thomasthoruplaw.com\/#website\"},\"datePublished\":\"2024-05-13T11:40:06+00:00\",\"dateModified\":\"2024-05-13T11:43:13+00:00\",\"breadcrumb\":{\"@id\":\"https:\/\/rtr-law.com\/da\/selskabsadministration-i-storbritannien\/#breadcrumb\"},\"inLanguage\":\"da-DK\",\"potentialAction\":[{\"@type\":\"ReadAction\",\"target\":[\"https:\/\/rtr-law.com\/da\/selskabsadministration-i-storbritannien\/\"]}]},{\"@type\":\"BreadcrumbList\",\"@id\":\"https:\/\/rtr-law.com\/da\/selskabsadministration-i-storbritannien\/#breadcrumb\",\"itemListElement\":[{\"@type\":\"ListItem\",\"position\":1,\"name\":\"Hjem\",\"item\":\"https:\/\/rtr-law.com\/da\/\"},{\"@type\":\"ListItem\",\"position\":2,\"name\":\"Selskabsadministration i Storbritannien\"}]},{\"@type\":\"WebSite\",\"@id\":\"https:\/\/thomasthoruplaw.com\/#website\",\"url\":\"https:\/\/thomasthoruplaw.com\/\",\"name\":\"RTR Law\",\"description\":\"Endnu en WordPress-blog\",\"potentialAction\":[{\"@type\":\"SearchAction\",\"target\":{\"@type\":\"EntryPoint\",\"urlTemplate\":\"https:\/\/thomasthoruplaw.com\/?s={search_term_string}\"},\"query-input\":{\"@type\":\"PropertyValueSpecification\",\"valueRequired\":true,\"valueName\":\"search_term_string\"}}],\"inLanguage\":\"da-DK\"}]}<\/script>\n<!-- \/ Yoast SEO plugin. -->","yoast_head_json":{"title":"Selskabsadministration i Storbritannien - RTR Law","robots":{"index":"index","follow":"follow","max-snippet":"max-snippet:-1","max-image-preview":"max-image-preview:large","max-video-preview":"max-video-preview:-1"},"canonical":"https:\/\/rtr-law.com\/da\/selskabsadministration-i-storbritannien\/","og_locale":"da_DK","og_type":"article","og_title":"Selskabsadministration i Storbritannien - RTR Law","og_description":"Selskabs\u00adadministration i StorbritannienUdover stiftelse af dit selskab, kan vi ogs\u00e5 tilbyde en hjemstedsadresse i London, videresendelse af post, samt selskabsretlig compliance. Sidstn\u00e6vnte er typisk indgivelse af en \u00e5rlig rapport (confirmation statement) til myndighederne, samt vedligeholdelse af selskabets statutory registers. Dette sker i samarbejde med vort lokale kontor i London. Herudover kan vi ogs\u00e5 introducere dig [&hellip;]","og_url":"https:\/\/rtr-law.com\/da\/selskabsadministration-i-storbritannien\/","og_site_name":"RTR Law","article_modified_time":"2024-05-13T11:43:13+00:00","og_image":[{"width":1200,"height":650,"url":"https:\/\/rtr-law.com\/wp-content\/uploads\/2022\/10\/Thorup-Law-logo-image.png","type":"image\/png"}],"twitter_card":"summary_large_image","twitter_misc":{"Estimeret l\u00e6setid":"2 minutter"},"schema":{"@context":"https:\/\/schema.org","@graph":[{"@type":"WebPage","@id":"https:\/\/rtr-law.com\/da\/selskabsadministration-i-storbritannien\/","url":"https:\/\/rtr-law.com\/da\/selskabsadministration-i-storbritannien\/","name":"Selskabsadministration i Storbritannien - RTR Law","isPartOf":{"@id":"https:\/\/thomasthoruplaw.com\/#website"},"datePublished":"2024-05-13T11:40:06+00:00","dateModified":"2024-05-13T11:43:13+00:00","breadcrumb":{"@id":"https:\/\/rtr-law.com\/da\/selskabsadministration-i-storbritannien\/#breadcrumb"},"inLanguage":"da-DK","potentialAction":[{"@type":"ReadAction","target":["https:\/\/rtr-law.com\/da\/selskabsadministration-i-storbritannien\/"]}]},{"@type":"BreadcrumbList","@id":"https:\/\/rtr-law.com\/da\/selskabsadministration-i-storbritannien\/#breadcrumb","itemListElement":[{"@type":"ListItem","position":1,"name":"Hjem","item":"https:\/\/rtr-law.com\/da\/"},{"@type":"ListItem","position":2,"name":"Selskabsadministration i Storbritannien"}]},{"@type":"WebSite","@id":"https:\/\/thomasthoruplaw.com\/#website","url":"https:\/\/thomasthoruplaw.com\/","name":"RTR Law","description":"Endnu en WordPress-blog","potentialAction":[{"@type":"SearchAction","target":{"@type":"EntryPoint","urlTemplate":"https:\/\/thomasthoruplaw.com\/?s={search_term_string}"},"query-input":{"@type":"PropertyValueSpecification","valueRequired":true,"valueName":"search_term_string"}}],"inLanguage":"da-DK"}]}},"_links":{"self":[{"href":"https:\/\/rtr-law.com\/da\/wp-json\/wp\/v2\/pages\/1402","targetHints":{"allow":["GET"]}}],"collection":[{"href":"https:\/\/rtr-law.com\/da\/wp-json\/wp\/v2\/pages"}],"about":[{"href":"https:\/\/rtr-law.com\/da\/wp-json\/wp\/v2\/types\/page"}],"author":[{"embeddable":true,"href":"https:\/\/rtr-law.com\/da\/wp-json\/wp\/v2\/users\/1"}],"replies":[{"embeddable":true,"href":"https:\/\/rtr-law.com\/da\/wp-json\/wp\/v2\/comments?post=1402"}],"version-history":[{"count":4,"href":"https:\/\/rtr-law.com\/da\/wp-json\/wp\/v2\/pages\/1402\/revisions"}],"predecessor-version":[{"id":1408,"href":"https:\/\/rtr-law.com\/da\/wp-json\/wp\/v2\/pages\/1402\/revisions\/1408"}],"wp:attachment":[{"href":"https:\/\/rtr-law.com\/da\/wp-json\/wp\/v2\/media?parent=1402"}],"curies":[{"name":"wp","href":"https:\/\/api.w.org\/{rel}","templated":true}]}}