{"id":1383,"date":"2024-05-13T13:15:02","date_gmt":"2024-05-13T11:15:02","guid":{"rendered":"https:\/\/rtr-law.com\/varemaerker-i-usa\/"},"modified":"2024-05-13T13:16:48","modified_gmt":"2024-05-13T11:16:48","slug":"varemaerker-i-usa","status":"publish","type":"page","link":"https:\/\/rtr-law.com\/da\/varemaerker-i-usa\/","title":{"rendered":"Varem\u00e6rker i USA"},"content":{"rendered":"<p>[et_pb_section fb_built=&#8221;1&#8243; admin_label=&#8221;Header &#8211; Sektion&#8221; module_class=&#8221;header-sektion&#8221; _builder_version=&#8221;4.17.6&#8243; _module_preset=&#8221;default&#8221; background_image=&#8221;https:\/\/rtr-law.com\/wp-content\/uploads\/2022\/08\/hero_office.jpg&#8221; global_colors_info=&#8221;{}&#8221;][\/et_pb_section][et_pb_section fb_built=&#8221;1&#8243; admin_label=&#8221;Ekspertise &#8211; body &#8211; Sektion&#8221; module_class=&#8221;ydelser-body-sektion&#8221; _builder_version=&#8221;4.17.4&#8243; _module_preset=&#8221;default&#8221; global_colors_info=&#8221;{}&#8221;][et_pb_row column_structure=&#8221;1_4,1_2,1_4&#8243; _builder_version=&#8221;4.17.4&#8243; _module_preset=&#8221;default&#8221; global_colors_info=&#8221;{}&#8221;][et_pb_column type=&#8221;1_4&#8243; _builder_version=&#8221;4.17.4&#8243; _module_preset=&#8221;default&#8221; global_colors_info=&#8221;{}&#8221;][et_pb_text admin_label=&#8221;Titel &#8211; Tekst&#8221; _builder_version=&#8221;4.25.0&#8243; _module_preset=&#8221;default&#8221; global_colors_info=&#8221;{}&#8221;]<\/p>\n<h1>Varem\u00e6rker i <strong>USA<\/strong><\/h1>\n<p>[\/et_pb_text][\/et_pb_column][et_pb_column type=&#8221;1_2&#8243; _builder_version=&#8221;4.17.4&#8243; _module_preset=&#8221;default&#8221; global_colors_info=&#8221;{}&#8221;][et_pb_text _builder_version=&#8221;4.25.0&#8243; _module_preset=&#8221;default&#8221; hover_enabled=&#8221;0&#8243; global_colors_info=&#8221;{}&#8221; sticky_enabled=&#8221;0&#8243;]<\/p>\n<p>Vi bist\u00e5r med registrering og fornyelse af varem\u00e6rker i b\u00e5de USA, EU og Danmark.<\/p>\n<p>Registrering og fornyelse af varem\u00e6rker i USA kr\u00e6ver, at danske og andre ikke-amerikanske varem\u00e6rkeindehavere er repr\u00e6senteret af en advokat, der er admitteret i USA. Med vores team af dansk-amerikanske advokater kan vi \u2013 som nogle af de eneste i Danmark \u2013 repr\u00e6sentere danske og andre ikke-amerikanske ans\u00f8gere og varem\u00e6rkeindehavere i sager ved det amerikanske varem\u00e6rkekontor, United States Patent- and Trademark Office. Det er i de fleste tilf\u00e6lde relativt billigt og enkelt af f\u00e5 Jeres brand og produktnavn registreret som varem\u00e6rke i USA. <\/p>\n<p>Vi bist\u00e5r ogs\u00e5 med varem\u00e6rkeans\u00f8gninger i EU og Danmark, samt med internationale varem\u00e6rkeregistreringer via Madrid-systemet, og vi kan s\u00e5ledes bist\u00e5 Jer med varem\u00e6rkesager i hele verden.<\/p>\n<p>[\/et_pb_text][\/et_pb_column][et_pb_column type=&#8221;1_4&#8243; _builder_version=&#8221;4.17.4&#8243; _module_preset=&#8221;default&#8221; global_colors_info=&#8221;{}&#8221;][dpdfg_filtergrid custom_query=&#8221;advanced&#8221; multiple_cpt=&#8221;team&#8221; use_taxonomy_terms=&#8221;on&#8221; multiple_taxonomies=&#8221;vis-person&#8221; include_terms=&#8221;17&#8243; post_number=&#8221;1&#8243; use_overlay=&#8221;off&#8221; show_post_meta=&#8221;off&#8221; show_custom_fields=&#8221;on&#8221; custom_fields=&#8221;%91{%22name%22:%22qualifications_title%22,%22label%22:%22%22},{%22name%22:%22email%22,%22label%22:%22%22},{%22name%22:%22danish_mobile%22,%22label%22:%22%22},{%22name%22:%22us_mobile%22,%22label%22:%22%22}%93&#8243; show_filters=&#8221;off&#8221; show_pagination=&#8221;off&#8221; items_layout=&#8221;dp-dfg-layout-none&#8221; admin_label=&#8221;Thomas &#8211; Divi FilterGrid&#8221; module_class=&#8221;kontaktperson&#8221; _builder_version=&#8221;4.25.0&#8243; _module_preset=&#8221;default&#8221; sticky_position=&#8221;top&#8221; sticky_offset_top=&#8221;30px&#8221; sticky_limit_bottom=&#8221;row&#8221; global_module=&#8221;1121&#8243; global_colors_info=&#8221;{}&#8221;][\/dpdfg_filtergrid][\/et_pb_column][\/et_pb_row][\/et_pb_section]<\/p>\n","protected":false},"excerpt":{"rendered":"<p>Varem\u00e6rker i USAVi bist\u00e5r med registrering og fornyelse af varem\u00e6rker i b\u00e5de USA, EU og Danmark. Registrering og fornyelse af varem\u00e6rker i USA kr\u00e6ver, at danske og andre ikke-amerikanske varem\u00e6rkeindehavere er repr\u00e6senteret af en advokat, der er admitteret i USA. Med vores team af dansk-amerikanske advokater kan vi \u2013 som nogle af de eneste i [&hellip;]<\/p>\n","protected":false},"author":1,"featured_media":0,"parent":0,"menu_order":0,"comment_status":"closed","ping_status":"closed","template":"","meta":{"_acf_changed":false,"_et_pb_use_builder":"on","_et_pb_old_content":"","_et_gb_content_width":"","footnotes":""},"class_list":["post-1383","page","type-page","status-publish","hentry"],"acf":[],"yoast_head":"<!-- This site is optimized with the Yoast SEO plugin v26.6 - https:\/\/yoast.com\/wordpress\/plugins\/seo\/ -->\n<title>Varem\u00e6rker i USA - RTR Law<\/title>\n<meta name=\"robots\" content=\"index, follow, max-snippet:-1, max-image-preview:large, max-video-preview:-1\" \/>\n<link rel=\"canonical\" href=\"https:\/\/rtr-law.com\/da\/varemaerker-i-usa\/\" \/>\n<meta property=\"og:locale\" content=\"da_DK\" \/>\n<meta property=\"og:type\" content=\"article\" \/>\n<meta property=\"og:title\" content=\"Varem\u00e6rker i USA - RTR Law\" \/>\n<meta property=\"og:description\" content=\"Varem\u00e6rker i USAVi bist\u00e5r med registrering og fornyelse af varem\u00e6rker i b\u00e5de USA, EU og Danmark. Registrering og fornyelse af varem\u00e6rker i USA kr\u00e6ver, at danske og andre ikke-amerikanske varem\u00e6rkeindehavere er repr\u00e6senteret af en advokat, der er admitteret i USA. Med vores team af dansk-amerikanske advokater kan vi \u2013 som nogle af de eneste i [&hellip;]\" \/>\n<meta property=\"og:url\" content=\"https:\/\/rtr-law.com\/da\/varemaerker-i-usa\/\" \/>\n<meta property=\"og:site_name\" content=\"RTR Law\" \/>\n<meta property=\"article:modified_time\" content=\"2024-05-13T11:16:48+00:00\" \/>\n<meta property=\"og:image\" content=\"https:\/\/rtr-law.com\/wp-content\/uploads\/2022\/10\/Thorup-Law-logo-image.png\" \/>\n\t<meta property=\"og:image:width\" content=\"1200\" \/>\n\t<meta property=\"og:image:height\" content=\"650\" \/>\n\t<meta property=\"og:image:type\" content=\"image\/png\" \/>\n<meta name=\"twitter:card\" content=\"summary_large_image\" \/>\n<meta name=\"twitter:label1\" content=\"Estimeret l\u00e6setid\" \/>\n\t<meta name=\"twitter:data1\" content=\"2 minutter\" \/>\n<script type=\"application\/ld+json\" class=\"yoast-schema-graph\">{\"@context\":\"https:\/\/schema.org\",\"@graph\":[{\"@type\":\"WebPage\",\"@id\":\"https:\/\/rtr-law.com\/da\/varemaerker-i-usa\/\",\"url\":\"https:\/\/rtr-law.com\/da\/varemaerker-i-usa\/\",\"name\":\"Varem\u00e6rker i USA - RTR Law\",\"isPartOf\":{\"@id\":\"https:\/\/thomasthoruplaw.com\/#website\"},\"datePublished\":\"2024-05-13T11:15:02+00:00\",\"dateModified\":\"2024-05-13T11:16:48+00:00\",\"breadcrumb\":{\"@id\":\"https:\/\/rtr-law.com\/da\/varemaerker-i-usa\/#breadcrumb\"},\"inLanguage\":\"da-DK\",\"potentialAction\":[{\"@type\":\"ReadAction\",\"target\":[\"https:\/\/rtr-law.com\/da\/varemaerker-i-usa\/\"]}]},{\"@type\":\"BreadcrumbList\",\"@id\":\"https:\/\/rtr-law.com\/da\/varemaerker-i-usa\/#breadcrumb\",\"itemListElement\":[{\"@type\":\"ListItem\",\"position\":1,\"name\":\"Hjem\",\"item\":\"https:\/\/rtr-law.com\/da\/\"},{\"@type\":\"ListItem\",\"position\":2,\"name\":\"Varem\u00e6rker i USA\"}]},{\"@type\":\"WebSite\",\"@id\":\"https:\/\/thomasthoruplaw.com\/#website\",\"url\":\"https:\/\/thomasthoruplaw.com\/\",\"name\":\"RTR Law\",\"description\":\"Endnu en WordPress-blog\",\"potentialAction\":[{\"@type\":\"SearchAction\",\"target\":{\"@type\":\"EntryPoint\",\"urlTemplate\":\"https:\/\/thomasthoruplaw.com\/?s={search_term_string}\"},\"query-input\":{\"@type\":\"PropertyValueSpecification\",\"valueRequired\":true,\"valueName\":\"search_term_string\"}}],\"inLanguage\":\"da-DK\"}]}<\/script>\n<!-- \/ Yoast SEO plugin. -->","yoast_head_json":{"title":"Varem\u00e6rker i USA - RTR Law","robots":{"index":"index","follow":"follow","max-snippet":"max-snippet:-1","max-image-preview":"max-image-preview:large","max-video-preview":"max-video-preview:-1"},"canonical":"https:\/\/rtr-law.com\/da\/varemaerker-i-usa\/","og_locale":"da_DK","og_type":"article","og_title":"Varem\u00e6rker i USA - RTR Law","og_description":"Varem\u00e6rker i USAVi bist\u00e5r med registrering og fornyelse af varem\u00e6rker i b\u00e5de USA, EU og Danmark. Registrering og fornyelse af varem\u00e6rker i USA kr\u00e6ver, at danske og andre ikke-amerikanske varem\u00e6rkeindehavere er repr\u00e6senteret af en advokat, der er admitteret i USA. Med vores team af dansk-amerikanske advokater kan vi \u2013 som nogle af de eneste i [&hellip;]","og_url":"https:\/\/rtr-law.com\/da\/varemaerker-i-usa\/","og_site_name":"RTR Law","article_modified_time":"2024-05-13T11:16:48+00:00","og_image":[{"width":1200,"height":650,"url":"https:\/\/rtr-law.com\/wp-content\/uploads\/2022\/10\/Thorup-Law-logo-image.png","type":"image\/png"}],"twitter_card":"summary_large_image","twitter_misc":{"Estimeret l\u00e6setid":"2 minutter"},"schema":{"@context":"https:\/\/schema.org","@graph":[{"@type":"WebPage","@id":"https:\/\/rtr-law.com\/da\/varemaerker-i-usa\/","url":"https:\/\/rtr-law.com\/da\/varemaerker-i-usa\/","name":"Varem\u00e6rker i USA - RTR Law","isPartOf":{"@id":"https:\/\/thomasthoruplaw.com\/#website"},"datePublished":"2024-05-13T11:15:02+00:00","dateModified":"2024-05-13T11:16:48+00:00","breadcrumb":{"@id":"https:\/\/rtr-law.com\/da\/varemaerker-i-usa\/#breadcrumb"},"inLanguage":"da-DK","potentialAction":[{"@type":"ReadAction","target":["https:\/\/rtr-law.com\/da\/varemaerker-i-usa\/"]}]},{"@type":"BreadcrumbList","@id":"https:\/\/rtr-law.com\/da\/varemaerker-i-usa\/#breadcrumb","itemListElement":[{"@type":"ListItem","position":1,"name":"Hjem","item":"https:\/\/rtr-law.com\/da\/"},{"@type":"ListItem","position":2,"name":"Varem\u00e6rker i USA"}]},{"@type":"WebSite","@id":"https:\/\/thomasthoruplaw.com\/#website","url":"https:\/\/thomasthoruplaw.com\/","name":"RTR Law","description":"Endnu en WordPress-blog","potentialAction":[{"@type":"SearchAction","target":{"@type":"EntryPoint","urlTemplate":"https:\/\/thomasthoruplaw.com\/?s={search_term_string}"},"query-input":{"@type":"PropertyValueSpecification","valueRequired":true,"valueName":"search_term_string"}}],"inLanguage":"da-DK"}]}},"_links":{"self":[{"href":"https:\/\/rtr-law.com\/da\/wp-json\/wp\/v2\/pages\/1383","targetHints":{"allow":["GET"]}}],"collection":[{"href":"https:\/\/rtr-law.com\/da\/wp-json\/wp\/v2\/pages"}],"about":[{"href":"https:\/\/rtr-law.com\/da\/wp-json\/wp\/v2\/types\/page"}],"author":[{"embeddable":true,"href":"https:\/\/rtr-law.com\/da\/wp-json\/wp\/v2\/users\/1"}],"replies":[{"embeddable":true,"href":"https:\/\/rtr-law.com\/da\/wp-json\/wp\/v2\/comments?post=1383"}],"version-history":[{"count":2,"href":"https:\/\/rtr-law.com\/da\/wp-json\/wp\/v2\/pages\/1383\/revisions"}],"predecessor-version":[{"id":1385,"href":"https:\/\/rtr-law.com\/da\/wp-json\/wp\/v2\/pages\/1383\/revisions\/1385"}],"wp:attachment":[{"href":"https:\/\/rtr-law.com\/da\/wp-json\/wp\/v2\/media?parent=1383"}],"curies":[{"name":"wp","href":"https:\/\/api.w.org\/{rel}","templated":true}]}}