{"id":1372,"date":"2024-05-13T13:10:47","date_gmt":"2024-05-13T11:10:47","guid":{"rendered":"https:\/\/rtr-law.com\/amerikanske-tvister-retssager-og-voldgift\/"},"modified":"2024-05-13T13:12:47","modified_gmt":"2024-05-13T11:12:47","slug":"amerikanske-tvister-retssager-og-voldgift","status":"publish","type":"page","link":"https:\/\/rtr-law.com\/da\/amerikanske-tvister-retssager-og-voldgift\/","title":{"rendered":"Amerikanske tvister, retssager og voldgift"},"content":{"rendered":"<p>[et_pb_section fb_built=&#8221;1&#8243; admin_label=&#8221;Header &#8211; Sektion&#8221; module_class=&#8221;header-sektion&#8221; _builder_version=&#8221;4.17.6&#8243; _module_preset=&#8221;default&#8221; background_image=&#8221;https:\/\/rtr-law.com\/wp-content\/uploads\/2022\/08\/hero_office.jpg&#8221; global_colors_info=&#8221;{}&#8221;][\/et_pb_section][et_pb_section fb_built=&#8221;1&#8243; admin_label=&#8221;Ekspertise &#8211; body &#8211; Sektion&#8221; module_class=&#8221;ydelser-body-sektion&#8221; _builder_version=&#8221;4.17.4&#8243; _module_preset=&#8221;default&#8221; global_colors_info=&#8221;{}&#8221;][et_pb_row column_structure=&#8221;1_4,1_2,1_4&#8243; _builder_version=&#8221;4.17.4&#8243; _module_preset=&#8221;default&#8221; global_colors_info=&#8221;{}&#8221;][et_pb_column type=&#8221;1_4&#8243; _builder_version=&#8221;4.17.4&#8243; _module_preset=&#8221;default&#8221; global_colors_info=&#8221;{}&#8221;][et_pb_text admin_label=&#8221;Titel &#8211; Tekst&#8221; _builder_version=&#8221;4.25.0&#8243; _module_preset=&#8221;default&#8221; global_colors_info=&#8221;{}&#8221;]<\/p>\n<h1><strong>Amerikanske<\/strong> tvister, retssager og voldgift<\/h1>\n<p>[\/et_pb_text][\/et_pb_column][et_pb_column type=&#8221;1_2&#8243; _builder_version=&#8221;4.17.4&#8243; _module_preset=&#8221;default&#8221; global_colors_info=&#8221;{}&#8221;][et_pb_text _builder_version=&#8221;4.25.0&#8243; _module_preset=&#8221;default&#8221; hover_enabled=&#8221;0&#8243; global_colors_info=&#8221;{}&#8221; sticky_enabled=&#8221;0&#8243;]<\/p>\n<p>Der ankommer et brev til jeres amerikanske datterselskabs kontor med et krav om betaling af millioner af dollars. Hvad g\u00f8r I? Amerikanske retssager og tvister kan udg\u00f8re en reel trussel, b\u00e5de p\u00e5 grund af kravenes st\u00f8rrelse og p\u00e5 grund af processen og omkostningerne forbundet hermed. <\/p>\n<p>Ofte m\u00f8des man med \u2013 efter danske forhold \u2013 ekstreme krav og trusler. Det er vigtigt at have erfarne advokater til at forst\u00e5, vurdere og r\u00e5dgive om realiteten i s\u00e5danne krav og hvilke skridt, der b\u00f8r tages som modtr\u00e6k og begr\u00e6nsning af tab og omkostninger. RTR Law har bist\u00e5et mange virksomheder i s\u00e5danne krav, herunder i internationale voldgiftssager, og retssager ved de amerikanske domstole. <\/p>\n<p>[\/et_pb_text][\/et_pb_column][et_pb_column type=&#8221;1_4&#8243; _builder_version=&#8221;4.17.4&#8243; _module_preset=&#8221;default&#8221; global_colors_info=&#8221;{}&#8221;][dpdfg_filtergrid custom_query=&#8221;advanced&#8221; multiple_cpt=&#8221;team&#8221; use_taxonomy_terms=&#8221;on&#8221; multiple_taxonomies=&#8221;vis-person&#8221; include_terms=&#8221;17&#8243; post_number=&#8221;1&#8243; use_overlay=&#8221;off&#8221; show_post_meta=&#8221;off&#8221; show_custom_fields=&#8221;on&#8221; custom_fields=&#8221;%91{%22name%22:%22qualifications_title%22,%22label%22:%22%22},{%22name%22:%22email%22,%22label%22:%22%22},{%22name%22:%22danish_mobile%22,%22label%22:%22%22},{%22name%22:%22us_mobile%22,%22label%22:%22%22}%93&#8243; show_filters=&#8221;off&#8221; show_pagination=&#8221;off&#8221; items_layout=&#8221;dp-dfg-layout-none&#8221; admin_label=&#8221;Thomas &#8211; Divi FilterGrid&#8221; module_class=&#8221;kontaktperson&#8221; _builder_version=&#8221;4.25.0&#8243; _module_preset=&#8221;default&#8221; sticky_position=&#8221;top&#8221; sticky_offset_top=&#8221;30px&#8221; sticky_limit_bottom=&#8221;row&#8221; global_module=&#8221;1121&#8243; global_colors_info=&#8221;{}&#8221;][\/dpdfg_filtergrid][\/et_pb_column][\/et_pb_row][\/et_pb_section]<\/p>\n","protected":false},"excerpt":{"rendered":"<p>Amerikanske tvister, retssager og voldgiftDer ankommer et brev til jeres amerikanske datterselskabs kontor med et krav om betaling af millioner af dollars. Hvad g\u00f8r I? Amerikanske retssager og tvister kan udg\u00f8re en reel trussel, b\u00e5de p\u00e5 grund af kravenes st\u00f8rrelse og p\u00e5 grund af processen og omkostningerne forbundet hermed. Ofte m\u00f8des man med \u2013 efter [&hellip;]<\/p>\n","protected":false},"author":1,"featured_media":0,"parent":0,"menu_order":0,"comment_status":"closed","ping_status":"closed","template":"","meta":{"_acf_changed":false,"_et_pb_use_builder":"on","_et_pb_old_content":"","_et_gb_content_width":"","footnotes":""},"class_list":["post-1372","page","type-page","status-publish","hentry"],"acf":[],"yoast_head":"<!-- This site is optimized with the Yoast SEO plugin v26.6 - https:\/\/yoast.com\/wordpress\/plugins\/seo\/ -->\n<title>Amerikanske tvister, retssager og voldgift - RTR Law<\/title>\n<meta name=\"robots\" content=\"index, follow, max-snippet:-1, max-image-preview:large, max-video-preview:-1\" \/>\n<link rel=\"canonical\" href=\"https:\/\/rtr-law.com\/da\/amerikanske-tvister-retssager-og-voldgift\/\" \/>\n<meta property=\"og:locale\" content=\"da_DK\" \/>\n<meta property=\"og:type\" content=\"article\" \/>\n<meta property=\"og:title\" content=\"Amerikanske tvister, retssager og voldgift - RTR Law\" \/>\n<meta property=\"og:description\" content=\"Amerikanske tvister, retssager og voldgiftDer ankommer et brev til jeres amerikanske datterselskabs kontor med et krav om betaling af millioner af dollars. Hvad g\u00f8r I? Amerikanske retssager og tvister kan udg\u00f8re en reel trussel, b\u00e5de p\u00e5 grund af kravenes st\u00f8rrelse og p\u00e5 grund af processen og omkostningerne forbundet hermed. Ofte m\u00f8des man med \u2013 efter [&hellip;]\" \/>\n<meta property=\"og:url\" content=\"https:\/\/rtr-law.com\/da\/amerikanske-tvister-retssager-og-voldgift\/\" \/>\n<meta property=\"og:site_name\" content=\"RTR Law\" \/>\n<meta property=\"article:modified_time\" content=\"2024-05-13T11:12:47+00:00\" \/>\n<meta property=\"og:image\" content=\"https:\/\/rtr-law.com\/wp-content\/uploads\/2022\/10\/Thorup-Law-logo-image.png\" \/>\n\t<meta property=\"og:image:width\" content=\"1200\" \/>\n\t<meta property=\"og:image:height\" content=\"650\" \/>\n\t<meta property=\"og:image:type\" content=\"image\/png\" \/>\n<meta name=\"twitter:card\" content=\"summary_large_image\" \/>\n<meta name=\"twitter:label1\" content=\"Estimeret l\u00e6setid\" \/>\n\t<meta name=\"twitter:data1\" content=\"2 minutter\" \/>\n<script type=\"application\/ld+json\" class=\"yoast-schema-graph\">{\"@context\":\"https:\/\/schema.org\",\"@graph\":[{\"@type\":\"WebPage\",\"@id\":\"https:\/\/rtr-law.com\/da\/amerikanske-tvister-retssager-og-voldgift\/\",\"url\":\"https:\/\/rtr-law.com\/da\/amerikanske-tvister-retssager-og-voldgift\/\",\"name\":\"Amerikanske tvister, retssager og voldgift - RTR Law\",\"isPartOf\":{\"@id\":\"https:\/\/thomasthoruplaw.com\/#website\"},\"datePublished\":\"2024-05-13T11:10:47+00:00\",\"dateModified\":\"2024-05-13T11:12:47+00:00\",\"breadcrumb\":{\"@id\":\"https:\/\/rtr-law.com\/da\/amerikanske-tvister-retssager-og-voldgift\/#breadcrumb\"},\"inLanguage\":\"da-DK\",\"potentialAction\":[{\"@type\":\"ReadAction\",\"target\":[\"https:\/\/rtr-law.com\/da\/amerikanske-tvister-retssager-og-voldgift\/\"]}]},{\"@type\":\"BreadcrumbList\",\"@id\":\"https:\/\/rtr-law.com\/da\/amerikanske-tvister-retssager-og-voldgift\/#breadcrumb\",\"itemListElement\":[{\"@type\":\"ListItem\",\"position\":1,\"name\":\"Hjem\",\"item\":\"https:\/\/rtr-law.com\/da\/\"},{\"@type\":\"ListItem\",\"position\":2,\"name\":\"Amerikanske tvister, retssager og voldgift\"}]},{\"@type\":\"WebSite\",\"@id\":\"https:\/\/thomasthoruplaw.com\/#website\",\"url\":\"https:\/\/thomasthoruplaw.com\/\",\"name\":\"RTR Law\",\"description\":\"Endnu en WordPress-blog\",\"potentialAction\":[{\"@type\":\"SearchAction\",\"target\":{\"@type\":\"EntryPoint\",\"urlTemplate\":\"https:\/\/thomasthoruplaw.com\/?s={search_term_string}\"},\"query-input\":{\"@type\":\"PropertyValueSpecification\",\"valueRequired\":true,\"valueName\":\"search_term_string\"}}],\"inLanguage\":\"da-DK\"}]}<\/script>\n<!-- \/ Yoast SEO plugin. -->","yoast_head_json":{"title":"Amerikanske tvister, retssager og voldgift - RTR Law","robots":{"index":"index","follow":"follow","max-snippet":"max-snippet:-1","max-image-preview":"max-image-preview:large","max-video-preview":"max-video-preview:-1"},"canonical":"https:\/\/rtr-law.com\/da\/amerikanske-tvister-retssager-og-voldgift\/","og_locale":"da_DK","og_type":"article","og_title":"Amerikanske tvister, retssager og voldgift - RTR Law","og_description":"Amerikanske tvister, retssager og voldgiftDer ankommer et brev til jeres amerikanske datterselskabs kontor med et krav om betaling af millioner af dollars. Hvad g\u00f8r I? Amerikanske retssager og tvister kan udg\u00f8re en reel trussel, b\u00e5de p\u00e5 grund af kravenes st\u00f8rrelse og p\u00e5 grund af processen og omkostningerne forbundet hermed. Ofte m\u00f8des man med \u2013 efter [&hellip;]","og_url":"https:\/\/rtr-law.com\/da\/amerikanske-tvister-retssager-og-voldgift\/","og_site_name":"RTR Law","article_modified_time":"2024-05-13T11:12:47+00:00","og_image":[{"width":1200,"height":650,"url":"https:\/\/rtr-law.com\/wp-content\/uploads\/2022\/10\/Thorup-Law-logo-image.png","type":"image\/png"}],"twitter_card":"summary_large_image","twitter_misc":{"Estimeret l\u00e6setid":"2 minutter"},"schema":{"@context":"https:\/\/schema.org","@graph":[{"@type":"WebPage","@id":"https:\/\/rtr-law.com\/da\/amerikanske-tvister-retssager-og-voldgift\/","url":"https:\/\/rtr-law.com\/da\/amerikanske-tvister-retssager-og-voldgift\/","name":"Amerikanske tvister, retssager og voldgift - RTR Law","isPartOf":{"@id":"https:\/\/thomasthoruplaw.com\/#website"},"datePublished":"2024-05-13T11:10:47+00:00","dateModified":"2024-05-13T11:12:47+00:00","breadcrumb":{"@id":"https:\/\/rtr-law.com\/da\/amerikanske-tvister-retssager-og-voldgift\/#breadcrumb"},"inLanguage":"da-DK","potentialAction":[{"@type":"ReadAction","target":["https:\/\/rtr-law.com\/da\/amerikanske-tvister-retssager-og-voldgift\/"]}]},{"@type":"BreadcrumbList","@id":"https:\/\/rtr-law.com\/da\/amerikanske-tvister-retssager-og-voldgift\/#breadcrumb","itemListElement":[{"@type":"ListItem","position":1,"name":"Hjem","item":"https:\/\/rtr-law.com\/da\/"},{"@type":"ListItem","position":2,"name":"Amerikanske tvister, retssager og voldgift"}]},{"@type":"WebSite","@id":"https:\/\/thomasthoruplaw.com\/#website","url":"https:\/\/thomasthoruplaw.com\/","name":"RTR Law","description":"Endnu en WordPress-blog","potentialAction":[{"@type":"SearchAction","target":{"@type":"EntryPoint","urlTemplate":"https:\/\/thomasthoruplaw.com\/?s={search_term_string}"},"query-input":{"@type":"PropertyValueSpecification","valueRequired":true,"valueName":"search_term_string"}}],"inLanguage":"da-DK"}]}},"_links":{"self":[{"href":"https:\/\/rtr-law.com\/da\/wp-json\/wp\/v2\/pages\/1372","targetHints":{"allow":["GET"]}}],"collection":[{"href":"https:\/\/rtr-law.com\/da\/wp-json\/wp\/v2\/pages"}],"about":[{"href":"https:\/\/rtr-law.com\/da\/wp-json\/wp\/v2\/types\/page"}],"author":[{"embeddable":true,"href":"https:\/\/rtr-law.com\/da\/wp-json\/wp\/v2\/users\/1"}],"replies":[{"embeddable":true,"href":"https:\/\/rtr-law.com\/da\/wp-json\/wp\/v2\/comments?post=1372"}],"version-history":[{"count":4,"href":"https:\/\/rtr-law.com\/da\/wp-json\/wp\/v2\/pages\/1372\/revisions"}],"predecessor-version":[{"id":1377,"href":"https:\/\/rtr-law.com\/da\/wp-json\/wp\/v2\/pages\/1372\/revisions\/1377"}],"wp:attachment":[{"href":"https:\/\/rtr-law.com\/da\/wp-json\/wp\/v2\/media?parent=1372"}],"curies":[{"name":"wp","href":"https:\/\/api.w.org\/{rel}","templated":true}]}}