{"id":1342,"date":"2024-05-13T11:53:47","date_gmt":"2024-05-13T09:53:47","guid":{"rendered":"https:\/\/rtr-law.com\/?page_id=1342"},"modified":"2024-05-13T12:04:01","modified_gmt":"2024-05-13T10:04:01","slug":"selskabsadministration-i-usa","status":"publish","type":"page","link":"https:\/\/rtr-law.com\/da\/selskabsadministration-i-usa\/","title":{"rendered":"Selskabsadministration i USA"},"content":{"rendered":"<p>[et_pb_section fb_built=&#8221;1&#8243; admin_label=&#8221;Header &#8211; Sektion&#8221; module_class=&#8221;header-sektion&#8221; _builder_version=&#8221;4.17.6&#8243; _module_preset=&#8221;default&#8221; background_image=&#8221;https:\/\/rtr-law.com\/wp-content\/uploads\/2022\/08\/hero_office.jpg&#8221; global_colors_info=&#8221;{}&#8221;][\/et_pb_section][et_pb_section fb_built=&#8221;1&#8243; admin_label=&#8221;Ekspertise &#8211; body &#8211; Sektion&#8221; module_class=&#8221;ydelser-body-sektion&#8221; _builder_version=&#8221;4.17.4&#8243; _module_preset=&#8221;default&#8221; global_colors_info=&#8221;{}&#8221;][et_pb_row column_structure=&#8221;1_4,1_2,1_4&#8243; _builder_version=&#8221;4.17.4&#8243; _module_preset=&#8221;default&#8221; global_colors_info=&#8221;{}&#8221;][et_pb_column type=&#8221;1_4&#8243; _builder_version=&#8221;4.17.4&#8243; _module_preset=&#8221;default&#8221; global_colors_info=&#8221;{}&#8221;][et_pb_text admin_label=&#8221;Titel &#8211; Tekst&#8221; _builder_version=&#8221;4.25.0&#8243; _module_preset=&#8221;default&#8221; global_colors_info=&#8221;{}&#8221;]<\/p>\n<h1>Selskabsadministration i <strong>USA<\/strong><\/h1>\n<p>[\/et_pb_text][\/et_pb_column][et_pb_column type=&#8221;1_2&#8243; _builder_version=&#8221;4.17.4&#8243; _module_preset=&#8221;default&#8221; global_colors_info=&#8221;{}&#8221;][et_pb_text _builder_version=&#8221;4.25.0&#8243; _module_preset=&#8221;default&#8221; hover_enabled=&#8221;0&#8243; global_colors_info=&#8221;{}&#8221; sticky_enabled=&#8221;0&#8243;]<\/p>\n<p><strong>Selskabsstiftelse og compliance<br \/><\/strong>N\u00e5r du har et selskab \u2013 en \u201dcorporation\u201d, et \u201dLLC\u201d, eller en anden juridisk enhed i USA \u2013 er der \u2013 som i Danmark \u2013 forskellig compliance, b\u00e5de juridisk og skattem\u00e6ssigt.<\/p>\n<p><strong>Selskabsretlig compliance<br \/><\/strong>Der g\u00e6lder forskellige regler for forskellige selskabstyper i forskellige delstater. Compliance omfatter blandt andet indgivelse af (typisk) \u00e5rlige rapporter\/angivelser til f\u00f8derale, delstatslige og nogle gange city\/county-myndigheder. Proces og gebyrer til myndighederne varierer fra delstat til delstat. RTR Law kan bist\u00e5 med selskabsretlig compliance, s\u00e5dan at I ikke uforvarende risikerer suspension\/tvangsopl\u00f8sning af jeres amerikanske selskab og\/eller b\u00f8der.<\/p>\n<p><strong>Selskabsskat<br \/><\/strong>Der skal \u2013 afh\u00e6ngig af selskabstype og beskatningstype \u2013 indgives \u00e5rlig selskabsselvangivelse til de f\u00f8derale og delstatslige skattemyndigheder \u2013 i hver delstat, hvori selskabet er registreret som \u201ddoing business\u201d. Afh\u00e6ngigt af selskabets aktiviteter skal der ogs\u00e5 angives\/betales Sales Tax og andre skatter, nogle steder b\u00e5de til delstat og lokale (city\/county) myndigheder.<\/p>\n<p>[\/et_pb_text][\/et_pb_column][et_pb_column type=&#8221;1_4&#8243; _builder_version=&#8221;4.17.4&#8243; _module_preset=&#8221;default&#8221; global_colors_info=&#8221;{}&#8221;][dpdfg_filtergrid custom_query=&#8221;advanced&#8221; multiple_cpt=&#8221;team&#8221; use_taxonomy_terms=&#8221;on&#8221; multiple_taxonomies=&#8221;vis-person&#8221; include_terms=&#8221;17&#8243; post_number=&#8221;1&#8243; use_overlay=&#8221;off&#8221; show_post_meta=&#8221;off&#8221; show_custom_fields=&#8221;on&#8221; custom_fields=&#8221;%91{%22name%22:%22qualifications_title%22,%22label%22:%22%22},{%22name%22:%22email%22,%22label%22:%22%22},{%22name%22:%22danish_mobile%22,%22label%22:%22%22},{%22name%22:%22us_mobile%22,%22label%22:%22%22}%93&#8243; show_filters=&#8221;off&#8221; show_pagination=&#8221;off&#8221; items_layout=&#8221;dp-dfg-layout-none&#8221; admin_label=&#8221;Thomas &#8211; Divi FilterGrid&#8221; module_class=&#8221;kontaktperson&#8221; _builder_version=&#8221;4.25.0&#8243; _module_preset=&#8221;default&#8221; sticky_position=&#8221;top&#8221; sticky_offset_top=&#8221;30px&#8221; sticky_limit_bottom=&#8221;row&#8221; global_colors_info=&#8221;{}&#8221; global_module=&#8221;1334&#8243; theme_builder_area=&#8221;post_content&#8221;][\/dpdfg_filtergrid][\/et_pb_column][\/et_pb_row][\/et_pb_section]<\/p>\n","protected":false},"excerpt":{"rendered":"<p>Selskabsadministration i USASelskabsstiftelse og complianceN\u00e5r du har et selskab \u2013 en \u201dcorporation\u201d, et \u201dLLC\u201d, eller en anden juridisk enhed i USA \u2013 er der \u2013 som i Danmark \u2013 forskellig compliance, b\u00e5de juridisk og skattem\u00e6ssigt. Selskabsretlig complianceDer g\u00e6lder forskellige regler for forskellige selskabstyper i forskellige delstater. Compliance omfatter blandt andet indgivelse af (typisk) \u00e5rlige rapporter\/angivelser [&hellip;]<\/p>\n","protected":false},"author":1,"featured_media":0,"parent":0,"menu_order":0,"comment_status":"closed","ping_status":"closed","template":"","meta":{"_acf_changed":false,"_et_pb_use_builder":"on","_et_pb_old_content":"<p>[et_pb_section fb_built=\"1\" admin_label=\"Header - Sektion\" module_class=\"header-sektion\" _builder_version=\"4.17.6\" _module_preset=\"default\" background_image=\"https:\/\/rtr-law.com\/wp-content\/uploads\/2022\/08\/hero_office.jpg\" global_colors_info=\"{}\" theme_builder_area=\"post_content\"][\/et_pb_section][et_pb_section fb_built=\"1\" admin_label=\"Ekspertise - body - Sektion\" module_class=\"ydelser-body-sektion\" _builder_version=\"4.17.4\" _module_preset=\"default\" global_colors_info=\"{}\" theme_builder_area=\"post_content\"][et_pb_row column_structure=\"1_4,1_2,1_4\" _builder_version=\"4.17.4\" _module_preset=\"default\" global_colors_info=\"{}\" theme_builder_area=\"post_content\"][et_pb_column type=\"1_4\" _builder_version=\"4.17.4\" _module_preset=\"default\" global_colors_info=\"{}\" theme_builder_area=\"post_content\"][et_pb_text admin_label=\"Titel - Tekst\" _builder_version=\"4.25.0\" _module_preset=\"default\" hover_enabled=\"0\" global_colors_info=\"{}\" theme_builder_area=\"post_content\" sticky_enabled=\"0\"]<\/p><h1>Company administration in the <strong>US<\/strong><\/h1><p>[\/et_pb_text][\/et_pb_column][et_pb_column type=\"1_2\" _builder_version=\"4.17.4\" _module_preset=\"default\" global_colors_info=\"{}\" theme_builder_area=\"post_content\"][et_pb_text _builder_version=\"4.25.0\" _module_preset=\"default\" hover_enabled=\"0\" global_colors_info=\"{}\" theme_builder_area=\"post_content\" sticky_enabled=\"0\"]<\/p><p>\u200b<strong>Company Registration and Annual Filing<br \/><\/strong>When you have a legal entity in the USA, there is \u2013 as in Denmark \u2013 different compliance, both legal and tax-related. Different rules apply to different companies in different states.<\/p><p>Some of the compliance includes reporting to local, state, and federal governments. Per taxes, typically an annual tax filing must be made, and sales and payroll taxes must be continually evaluated and paid. State and local taxes must also be considered.<\/p><p><strong>Tax<br \/><\/strong>American companies must also report to the states in which they are registered. Mostly a simple filing, the company reports their status and pays their annual registration fees. These fees vary depending on the states.<\/p><p>[\/et_pb_text][\/et_pb_column][et_pb_column type=\"1_4\" _builder_version=\"4.17.4\" _module_preset=\"default\" global_colors_info=\"{}\" theme_builder_area=\"post_content\"][dpdfg_filtergrid custom_query=\"advanced\" multiple_cpt=\"team\" use_taxonomy_terms=\"on\" multiple_taxonomies=\"vis-person\" include_terms=\"17\" post_number=\"1\" use_overlay=\"off\" show_post_meta=\"off\" show_custom_fields=\"on\" custom_fields=\"%91{%22name%22:%22qualifications_title%22,%22label%22:%22%22},{%22name%22:%22email%22,%22label%22:%22%22},{%22name%22:%22danish_mobile%22,%22label%22:%22%22},{%22name%22:%22us_mobile%22,%22label%22:%22%22}%93\" show_filters=\"off\" show_pagination=\"off\" items_layout=\"dp-dfg-layout-none\" admin_label=\"Thomas - Divi FilterGrid\" module_class=\"kontaktperson\" _builder_version=\"4.25.0\" _module_preset=\"default\" sticky_position=\"top\" sticky_offset_top=\"30px\" sticky_limit_bottom=\"row\" global_colors_info=\"{}\" global_module=\"1121\" theme_builder_area=\"post_content\"][\/dpdfg_filtergrid][\/et_pb_column][\/et_pb_row][\/et_pb_section]<\/p>","_et_gb_content_width":"","footnotes":""},"class_list":["post-1342","page","type-page","status-publish","hentry"],"acf":[],"yoast_head":"<!-- This site is optimized with the Yoast SEO plugin v26.6 - https:\/\/yoast.com\/wordpress\/plugins\/seo\/ -->\n<title>Selskabsadministration i USA - RTR Law<\/title>\n<meta name=\"robots\" content=\"index, follow, max-snippet:-1, max-image-preview:large, max-video-preview:-1\" \/>\n<link rel=\"canonical\" href=\"https:\/\/rtr-law.com\/da\/selskabsadministration-i-usa\/\" \/>\n<meta property=\"og:locale\" content=\"da_DK\" \/>\n<meta property=\"og:type\" content=\"article\" \/>\n<meta property=\"og:title\" content=\"Selskabsadministration i USA - RTR Law\" \/>\n<meta property=\"og:description\" content=\"Selskabsadministration i USASelskabsstiftelse og complianceN\u00e5r du har et selskab \u2013 en \u201dcorporation\u201d, et \u201dLLC\u201d, eller en anden juridisk enhed i USA \u2013 er der \u2013 som i Danmark \u2013 forskellig compliance, b\u00e5de juridisk og skattem\u00e6ssigt. Selskabsretlig complianceDer g\u00e6lder forskellige regler for forskellige selskabstyper i forskellige delstater. Compliance omfatter blandt andet indgivelse af (typisk) \u00e5rlige rapporter\/angivelser [&hellip;]\" \/>\n<meta property=\"og:url\" content=\"https:\/\/rtr-law.com\/da\/selskabsadministration-i-usa\/\" \/>\n<meta property=\"og:site_name\" content=\"RTR Law\" \/>\n<meta property=\"article:modified_time\" content=\"2024-05-13T10:04:01+00:00\" \/>\n<meta property=\"og:image\" content=\"https:\/\/rtr-law.com\/wp-content\/uploads\/2022\/10\/Thorup-Law-logo-image.png\" \/>\n\t<meta property=\"og:image:width\" content=\"1200\" \/>\n\t<meta property=\"og:image:height\" content=\"650\" \/>\n\t<meta property=\"og:image:type\" content=\"image\/png\" \/>\n<meta name=\"twitter:card\" content=\"summary_large_image\" \/>\n<meta name=\"twitter:label1\" content=\"Estimeret l\u00e6setid\" \/>\n\t<meta name=\"twitter:data1\" content=\"2 minutter\" \/>\n<script type=\"application\/ld+json\" class=\"yoast-schema-graph\">{\"@context\":\"https:\/\/schema.org\",\"@graph\":[{\"@type\":\"WebPage\",\"@id\":\"https:\/\/rtr-law.com\/da\/selskabsadministration-i-usa\/\",\"url\":\"https:\/\/rtr-law.com\/da\/selskabsadministration-i-usa\/\",\"name\":\"Selskabsadministration i USA - RTR Law\",\"isPartOf\":{\"@id\":\"https:\/\/thomasthoruplaw.com\/#website\"},\"datePublished\":\"2024-05-13T09:53:47+00:00\",\"dateModified\":\"2024-05-13T10:04:01+00:00\",\"breadcrumb\":{\"@id\":\"https:\/\/rtr-law.com\/da\/selskabsadministration-i-usa\/#breadcrumb\"},\"inLanguage\":\"da-DK\",\"potentialAction\":[{\"@type\":\"ReadAction\",\"target\":[\"https:\/\/rtr-law.com\/da\/selskabsadministration-i-usa\/\"]}]},{\"@type\":\"BreadcrumbList\",\"@id\":\"https:\/\/rtr-law.com\/da\/selskabsadministration-i-usa\/#breadcrumb\",\"itemListElement\":[{\"@type\":\"ListItem\",\"position\":1,\"name\":\"Hjem\",\"item\":\"https:\/\/rtr-law.com\/da\/\"},{\"@type\":\"ListItem\",\"position\":2,\"name\":\"Selskabsadministration i USA\"}]},{\"@type\":\"WebSite\",\"@id\":\"https:\/\/thomasthoruplaw.com\/#website\",\"url\":\"https:\/\/thomasthoruplaw.com\/\",\"name\":\"RTR Law\",\"description\":\"Endnu en WordPress-blog\",\"potentialAction\":[{\"@type\":\"SearchAction\",\"target\":{\"@type\":\"EntryPoint\",\"urlTemplate\":\"https:\/\/thomasthoruplaw.com\/?s={search_term_string}\"},\"query-input\":{\"@type\":\"PropertyValueSpecification\",\"valueRequired\":true,\"valueName\":\"search_term_string\"}}],\"inLanguage\":\"da-DK\"}]}<\/script>\n<!-- \/ Yoast SEO plugin. -->","yoast_head_json":{"title":"Selskabsadministration i USA - RTR Law","robots":{"index":"index","follow":"follow","max-snippet":"max-snippet:-1","max-image-preview":"max-image-preview:large","max-video-preview":"max-video-preview:-1"},"canonical":"https:\/\/rtr-law.com\/da\/selskabsadministration-i-usa\/","og_locale":"da_DK","og_type":"article","og_title":"Selskabsadministration i USA - RTR Law","og_description":"Selskabsadministration i USASelskabsstiftelse og complianceN\u00e5r du har et selskab \u2013 en \u201dcorporation\u201d, et \u201dLLC\u201d, eller en anden juridisk enhed i USA \u2013 er der \u2013 som i Danmark \u2013 forskellig compliance, b\u00e5de juridisk og skattem\u00e6ssigt. Selskabsretlig complianceDer g\u00e6lder forskellige regler for forskellige selskabstyper i forskellige delstater. Compliance omfatter blandt andet indgivelse af (typisk) \u00e5rlige rapporter\/angivelser [&hellip;]","og_url":"https:\/\/rtr-law.com\/da\/selskabsadministration-i-usa\/","og_site_name":"RTR Law","article_modified_time":"2024-05-13T10:04:01+00:00","og_image":[{"width":1200,"height":650,"url":"https:\/\/rtr-law.com\/wp-content\/uploads\/2022\/10\/Thorup-Law-logo-image.png","type":"image\/png"}],"twitter_card":"summary_large_image","twitter_misc":{"Estimeret l\u00e6setid":"2 minutter"},"schema":{"@context":"https:\/\/schema.org","@graph":[{"@type":"WebPage","@id":"https:\/\/rtr-law.com\/da\/selskabsadministration-i-usa\/","url":"https:\/\/rtr-law.com\/da\/selskabsadministration-i-usa\/","name":"Selskabsadministration i USA - RTR Law","isPartOf":{"@id":"https:\/\/thomasthoruplaw.com\/#website"},"datePublished":"2024-05-13T09:53:47+00:00","dateModified":"2024-05-13T10:04:01+00:00","breadcrumb":{"@id":"https:\/\/rtr-law.com\/da\/selskabsadministration-i-usa\/#breadcrumb"},"inLanguage":"da-DK","potentialAction":[{"@type":"ReadAction","target":["https:\/\/rtr-law.com\/da\/selskabsadministration-i-usa\/"]}]},{"@type":"BreadcrumbList","@id":"https:\/\/rtr-law.com\/da\/selskabsadministration-i-usa\/#breadcrumb","itemListElement":[{"@type":"ListItem","position":1,"name":"Hjem","item":"https:\/\/rtr-law.com\/da\/"},{"@type":"ListItem","position":2,"name":"Selskabsadministration i USA"}]},{"@type":"WebSite","@id":"https:\/\/thomasthoruplaw.com\/#website","url":"https:\/\/thomasthoruplaw.com\/","name":"RTR Law","description":"Endnu en WordPress-blog","potentialAction":[{"@type":"SearchAction","target":{"@type":"EntryPoint","urlTemplate":"https:\/\/thomasthoruplaw.com\/?s={search_term_string}"},"query-input":{"@type":"PropertyValueSpecification","valueRequired":true,"valueName":"search_term_string"}}],"inLanguage":"da-DK"}]}},"_links":{"self":[{"href":"https:\/\/rtr-law.com\/da\/wp-json\/wp\/v2\/pages\/1342","targetHints":{"allow":["GET"]}}],"collection":[{"href":"https:\/\/rtr-law.com\/da\/wp-json\/wp\/v2\/pages"}],"about":[{"href":"https:\/\/rtr-law.com\/da\/wp-json\/wp\/v2\/types\/page"}],"author":[{"embeddable":true,"href":"https:\/\/rtr-law.com\/da\/wp-json\/wp\/v2\/users\/1"}],"replies":[{"embeddable":true,"href":"https:\/\/rtr-law.com\/da\/wp-json\/wp\/v2\/comments?post=1342"}],"version-history":[{"count":5,"href":"https:\/\/rtr-law.com\/da\/wp-json\/wp\/v2\/pages\/1342\/revisions"}],"predecessor-version":[{"id":1347,"href":"https:\/\/rtr-law.com\/da\/wp-json\/wp\/v2\/pages\/1342\/revisions\/1347"}],"wp:attachment":[{"href":"https:\/\/rtr-law.com\/da\/wp-json\/wp\/v2\/media?parent=1342"}],"curies":[{"name":"wp","href":"https:\/\/api.w.org\/{rel}","templated":true}]}}