{"id":1258,"date":"2024-05-02T20:37:36","date_gmt":"2024-05-02T18:37:36","guid":{"rendered":"https:\/\/rtr-law.com\/kontakt\/"},"modified":"2024-05-14T11:36:11","modified_gmt":"2024-05-14T09:36:11","slug":"kontakt","status":"publish","type":"page","link":"https:\/\/rtr-law.com\/da\/kontakt\/","title":{"rendered":"Kontakt"},"content":{"rendered":"<p>[et_pb_section fb_built=&#8221;1&#8243; _builder_version=&#8221;4.24.0&#8243; _module_preset=&#8221;default&#8221; global_colors_info=&#8221;{}&#8221;][et_pb_row column_structure=&#8221;1_2,1_2&#8243; _builder_version=&#8221;4.24.0&#8243; _module_preset=&#8221;default&#8221; global_colors_info=&#8221;{}&#8221;][et_pb_column type=&#8221;1_2&#8243; _builder_version=&#8221;4.24.0&#8243; _module_preset=&#8221;default&#8221; global_colors_info=&#8221;{}&#8221;][et_pb_text _builder_version=&#8221;4.25.0&#8243; _module_preset=&#8221;default&#8221; global_colors_info=&#8221;{}&#8221;]<\/p>\n<h1>Kontakt<\/h1>\n<p>Benyt vores kontaktformular til at kontakte os i dag.<\/p>\n<p>Du er naturligvis ogs\u00e5 velkommen til at <a href=\"#team\">kontakte vores advokater direkte<\/a> for en uforpligtigende snak.<\/p>\n<p><strong>F\u00f8lsomme oplysninger<br \/><\/strong>Del venligst ikke f\u00f8lsomme oplysninger med os, medmindre vi beder dig om det. Alle oplysninger behandles som fortrolige og beskyttes i overensstemmelse med vor g\u00e6ldende <a href=\"https:\/\/rtr-law.com\/da\/privatlivspolitik\/\">Cookie regler<\/a>. <\/p>\n<p>[\/et_pb_text][\/et_pb_column][et_pb_column type=&#8221;1_2&#8243; _builder_version=&#8221;4.24.0&#8243; _module_preset=&#8221;default&#8221; global_colors_info=&#8221;{}&#8221;][et_pb_code _builder_version=&#8221;4.25.0&#8243; _module_preset=&#8221;default&#8221; global_colors_info=&#8221;{}&#8221;]<script type=\"text\/javascript\">\n\/* <![CDATA[ *\/\nvar gform;gform||(document.addEventListener(\"gform_main_scripts_loaded\",function(){gform.scriptsLoaded=!0}),document.addEventListener(\"gform\/theme\/scripts_loaded\",function(){gform.themeScriptsLoaded=!0}),window.addEventListener(\"DOMContentLoaded\",function(){gform.domLoaded=!0}),gform={domLoaded:!1,scriptsLoaded:!1,themeScriptsLoaded:!1,isFormEditor:()=>\"function\"==typeof InitializeEditor,callIfLoaded:function(o){return!(!gform.domLoaded||!gform.scriptsLoaded||!gform.themeScriptsLoaded&&!gform.isFormEditor()||(gform.isFormEditor()&&console.warn(\"The use of gform.initializeOnLoaded() is deprecated in the form editor context and will be removed in Gravity Forms 3.1.\"),o(),0))},initializeOnLoaded:function(o){gform.callIfLoaded(o)||(document.addEventListener(\"gform_main_scripts_loaded\",()=>{gform.scriptsLoaded=!0,gform.callIfLoaded(o)}),document.addEventListener(\"gform\/theme\/scripts_loaded\",()=>{gform.themeScriptsLoaded=!0,gform.callIfLoaded(o)}),window.addEventListener(\"DOMContentLoaded\",()=>{gform.domLoaded=!0,gform.callIfLoaded(o)}))},hooks:{action:{},filter:{}},addAction:function(o,r,e,t){gform.addHook(\"action\",o,r,e,t)},addFilter:function(o,r,e,t){gform.addHook(\"filter\",o,r,e,t)},doAction:function(o){gform.doHook(\"action\",o,arguments)},applyFilters:function(o){return gform.doHook(\"filter\",o,arguments)},removeAction:function(o,r){gform.removeHook(\"action\",o,r)},removeFilter:function(o,r,e){gform.removeHook(\"filter\",o,r,e)},addHook:function(o,r,e,t,n){null==gform.hooks[o][r]&&(gform.hooks[o][r]=[]);var d=gform.hooks[o][r];null==n&&(n=r+\"_\"+d.length),gform.hooks[o][r].push({tag:n,callable:e,priority:t=null==t?10:t})},doHook:function(r,o,e){var t;if(e=Array.prototype.slice.call(e,1),null!=gform.hooks[r][o]&&((o=gform.hooks[r][o]).sort(function(o,r){return o.priority-r.priority}),o.forEach(function(o){\"function\"!=typeof(t=o.callable)&&(t=window[t]),\"action\"==r?t.apply(null,e):e[0]=t.apply(null,e)})),\"filter\"==r)return e[0]},removeHook:function(o,r,t,n){var e;null!=gform.hooks[o][r]&&(e=(e=gform.hooks[o][r]).filter(function(o,r,e){return!!(null!=n&&n!=o.tag||null!=t&&t!=o.priority)}),gform.hooks[o][r]=e)}});\n\/* ]]> *\/\n<\/script>\n\n                <div class='gf_browser_gecko gform_wrapper gravity-theme gform-theme--no-framework' data-form-theme='gravity-theme' data-form-index='0' id='gform_wrapper_1' ><div id='gf_1' class='gform_anchor' tabindex='-1'><\/div>\n                        <div class='gform_heading'>\n                            <p class='gform_description'><\/p>\n\t\t\t\t\t\t\t<p class='gform_required_legend'>&quot;<span class=\"gfield_required gfield_required_asterisk\">*<\/span>&quot; indikerer p\u00e5kr\u00e6vede felter<\/p>\n                        <\/div><form method='post' enctype='multipart\/form-data' target='gform_ajax_frame_1' id='gform_1'  action='\/da\/wp-json\/wp\/v2\/pages\/1258#gf_1' data-formid='1' novalidate>\n                        <div class='gform-body gform_body'><div id='gform_fields_1' class='gform_fields top_label form_sublabel_above description_above validation_below'><div id=\"field_1_6\" class=\"gfield gfield--type-honeypot gform_validation_container field_sublabel_above gfield--has-description field_description_above field_validation_below gfield_visibility_visible\"  ><label class='gfield_label gform-field-label' for='input_1_6'>Comments<\/label><div class='gfield_description' id='gfield_description_1_6'>Dette felt er til validering og b\u00f8r ikke \u00e6ndres.<\/div><div class='ginput_container'><input name='input_6' id='input_1_6' type='text' value='' autocomplete='new-password'\/><\/div><\/div><fieldset id=\"field_1_1\" class=\"gfield gfield--type-name gfield_contains_required field_sublabel_hidden_label gfield--no-description field_description_above hidden_label field_validation_below gfield_visibility_visible\"  ><legend class='gfield_label gform-field-label gfield_label_before_complex' >Navn<span class=\"gfield_required\"><span class=\"gfield_required gfield_required_asterisk\">*<\/span><\/span><\/legend><div class='ginput_complex ginput_container ginput_container--name no_prefix has_first_name no_middle_name has_last_name no_suffix gf_name_has_2 ginput_container_name gform-grid-row' id='input_1_1'>\n                            \n                            <span id='input_1_1_3_container' class='name_first gform-grid-col gform-grid-col--size-auto' >\n                                                    <input type='text' name='input_1.3' id='input_1_1_3' value=''   aria-required='true'   placeholder='Fornavn' autocomplete=\"given-name\" \/>\n                                                    <label for='input_1_1_3' class='gform-field-label gform-field-label--type-sub hidden_sub_label screen-reader-text'>Fornavn<\/label>\n                                                <\/span>\n                            \n                            <span id='input_1_1_6_container' class='name_last gform-grid-col gform-grid-col--size-auto' >\n                                                    <input type='text' name='input_1.6' id='input_1_1_6' value=''   aria-required='true'   placeholder='Efternavn' autocomplete=\"family-name\" \/>\n                                                    <label for='input_1_1_6' class='gform-field-label gform-field-label--type-sub hidden_sub_label screen-reader-text'>Efternavn<\/label>\n                                                <\/span>\n                            \n                        <\/div><\/fieldset><div id=\"field_1_2\" class=\"gfield gfield--type-email gfield--width-full gfield_contains_required field_sublabel_above gfield--no-description field_description_above hidden_label field_validation_below gfield_visibility_visible\"  ><label class='gfield_label gform-field-label' for='input_1_2'>E-mail<span class=\"gfield_required\"><span class=\"gfield_required gfield_required_asterisk\">*<\/span><\/span><\/label><div class='ginput_container ginput_container_email'>\n                            <input name='input_2' id='input_1_2' type='email' value='' class='large'   placeholder='E-mail' aria-required=\"true\" aria-invalid=\"false\"  \/>\n                        <\/div><\/div><div id=\"field_1_5\" class=\"gfield gfield--type-phone gfield--width-full field_sublabel_above gfield--no-description field_description_above hidden_label field_validation_below gfield_visibility_visible\"  ><label class='gfield_label gform-field-label' for='input_1_5'>Telefon<\/label><div class='ginput_container ginput_container_phone'><input name='input_5' id='input_1_5' type='tel' value='' class='large'  placeholder='Tlf nummer'  aria-invalid=\"false\"  autocomplete=\"tel\" \/><\/div><\/div><div id=\"field_1_4\" class=\"gfield gfield--type-select gfield--width-full field_sublabel_above gfield--no-description field_description_above field_validation_below gfield_visibility_visible\"  ><label class='gfield_label gform-field-label' for='input_1_4'>Hvordan h\u00f8rte du om os?<\/label><div class='ginput_container ginput_container_select'><select name='input_4' id='input_1_4' class='large gfield_select'     aria-invalid=\"false\" ><option value='Google\/Internet s\u00f8gning' >Google\/Internet s\u00f8gning<\/option><option value='Henvisning' >Henvisning<\/option><option value='LinkedIn' >LinkedIn<\/option><option value='Jeg er\/var klient' >Jeg er\/var klient<\/option><option value='Andet' >Andet<\/option><\/select><\/div><\/div><div id=\"field_1_3\" class=\"gfield gfield--type-textarea field_sublabel_above gfield--no-description field_description_above field_validation_below gfield_visibility_visible\"  ><label class='gfield_label gform-field-label' for='input_1_3'>Kommentarer<\/label><div class='ginput_container ginput_container_textarea'><textarea name='input_3' id='input_1_3' class='textarea small'    placeholder='Kort beskrivelse af din henvendelse'  aria-invalid=\"false\"   rows='10' cols='50'><\/textarea><\/div><\/div><\/div><\/div>\n        <div class='gform-footer gform_footer top_label'> <input type='submit' id='gform_submit_button_1' class='gform_button button' onclick='gform.submission.handleButtonClick(this);' data-submission-type='submit' value='Send'  \/> <input type='hidden' name='gform_ajax' value='form_id=1&amp;title=&amp;description=1&amp;tabindex=0&amp;theme=gravity-theme&amp;styles=[]&amp;hash=1a324b3be4d5ff0d950f75e68f9df361' \/>\n            <input type='hidden' class='gform_hidden' name='gform_submission_method' data-js='gform_submission_method_1' value='iframe' \/>\n            <input type='hidden' class='gform_hidden' name='gform_theme' data-js='gform_theme_1' id='gform_theme_1' value='gravity-theme' \/>\n            <input type='hidden' class='gform_hidden' name='gform_style_settings' data-js='gform_style_settings_1' id='gform_style_settings_1' value='[]' \/>\n            <input type='hidden' class='gform_hidden' name='is_submit_1' value='1' \/>\n            <input type='hidden' class='gform_hidden' name='gform_submit' value='1' \/>\n            \n            <input type='hidden' class='gform_hidden' name='gform_unique_id' value='' \/>\n            <input type='hidden' class='gform_hidden' name='state_1' value='WyJ7XCI0XCI6W1wiOTRhZjA2NDRkMmQzMDM3ODg2ZmFiNWY0NjNkNWNiMDlcIixcImM0MjUxMGUwZDIxOWUyZDY3OWZlZGY5YmY5ZjQ2NWFjXCIsXCJjOWQ2ZjZhY2FkYjhiYjJiNTQ0YjBhNWNjZGE0OGZlNVwiLFwiZGU5ZTc0ZTliMzZjNzJhZmEyN2U1NGNjYjZhOWI5ZDdcIixcIjMyZWRmZjBlMWI1NmYwOWYxODBkZWZlNzA0NDU1ZWM5XCJdfSIsIjc5ZWI3OWE0NDAwMTQ5ZjJlYTAyM2YzNjNlYzA4OTdjIl0=' \/>\n            <input type='hidden' autocomplete='off' class='gform_hidden' name='gform_target_page_number_1' id='gform_target_page_number_1' value='0' \/>\n            <input type='hidden' autocomplete='off' class='gform_hidden' name='gform_source_page_number_1' id='gform_source_page_number_1' value='1' \/>\n            <input type='hidden' name='gform_field_values' value='' \/>\n            \n        <\/div>\n                        <\/form>\n                        <\/div>\n\t\t                <iframe style='display:none;width:0px;height:0px;' src='about:blank' name='gform_ajax_frame_1' id='gform_ajax_frame_1' title='Denne iframe indeholder logikken, der er kr\u00e6vet for at h\u00e5ndtere Gravity Formularer, der bruger Ajax.'><\/iframe>\n\t\t                <script type=\"text\/javascript\">\n\/* <![CDATA[ *\/\n gform.initializeOnLoaded( function() {gformInitSpinner( 1, 'https:\/\/rtr-law.com\/wp-content\/plugins\/gravityforms\/images\/spinner.svg', true );jQuery('#gform_ajax_frame_1').on('load',function(){var contents = jQuery(this).contents().find('*').html();var is_postback = contents.indexOf('GF_AJAX_POSTBACK') >= 0;if(!is_postback){return;}var form_content = jQuery(this).contents().find('#gform_wrapper_1');var is_confirmation = jQuery(this).contents().find('#gform_confirmation_wrapper_1').length > 0;var is_redirect = contents.indexOf('gformRedirect(){') >= 0;var is_form = form_content.length > 0 && ! is_redirect && ! is_confirmation;var mt = parseInt(jQuery('html').css('margin-top'), 10) + parseInt(jQuery('body').css('margin-top'), 10) + 100;if(is_form){jQuery('#gform_wrapper_1').html(form_content.html());if(form_content.hasClass('gform_validation_error')){jQuery('#gform_wrapper_1').addClass('gform_validation_error');} else {jQuery('#gform_wrapper_1').removeClass('gform_validation_error');}setTimeout( function() { \/* delay the scroll by 50 milliseconds to fix a bug in chrome *\/ jQuery(document).scrollTop(jQuery('#gform_wrapper_1').offset().top - mt); }, 50 );if(window['gformInitDatepicker']) {gformInitDatepicker();}if(window['gformInitPriceFields']) {gformInitPriceFields();}var current_page = jQuery('#gform_source_page_number_1').val();gformInitSpinner( 1, 'https:\/\/rtr-law.com\/wp-content\/plugins\/gravityforms\/images\/spinner.svg', true );jQuery(document).trigger('gform_page_loaded', [1, current_page]);window['gf_submitting_1'] = false;}else if(!is_redirect){var confirmation_content = jQuery(this).contents().find('.GF_AJAX_POSTBACK').html();if(!confirmation_content){confirmation_content = contents;}jQuery('#gform_wrapper_1').replaceWith(confirmation_content);jQuery(document).scrollTop(jQuery('#gf_1').offset().top - mt);jQuery(document).trigger('gform_confirmation_loaded', [1]);window['gf_submitting_1'] = false;wp.a11y.speak(jQuery('#gform_confirmation_message_1').text());}else{jQuery('#gform_1').append(contents);if(window['gformRedirect']) {gformRedirect();}}jQuery(document).trigger(\"gform_pre_post_render\", [{ formId: \"1\", currentPage: \"current_page\", abort: function() { this.preventDefault(); } }]);        if (event && event.defaultPrevented) {                return;        }        const gformWrapperDiv = document.getElementById( \"gform_wrapper_1\" );        if ( gformWrapperDiv ) {            const visibilitySpan = document.createElement( \"span\" );            visibilitySpan.id = \"gform_visibility_test_1\";            gformWrapperDiv.insertAdjacentElement( \"afterend\", visibilitySpan );        }        const visibilityTestDiv = document.getElementById( \"gform_visibility_test_1\" );        let postRenderFired = false;        function triggerPostRender() {            if ( postRenderFired ) {                return;            }            postRenderFired = true;            gform.core.triggerPostRenderEvents( 1, current_page );            if ( visibilityTestDiv ) {                visibilityTestDiv.parentNode.removeChild( visibilityTestDiv );            }        }        function debounce( func, wait, immediate ) {            var timeout;            return function() {                var context = this, args = arguments;                var later = function() {                    timeout = null;                    if ( !immediate ) func.apply( context, args );                };                var callNow = immediate && !timeout;                clearTimeout( timeout );                timeout = setTimeout( later, wait );                if ( callNow ) func.apply( context, args );            };        }        const debouncedTriggerPostRender = debounce( function() {            triggerPostRender();        }, 200 );        if ( visibilityTestDiv && visibilityTestDiv.offsetParent === null ) {            const observer = new MutationObserver( ( mutations ) => {                mutations.forEach( ( mutation ) => {                    if ( mutation.type === 'attributes' && visibilityTestDiv.offsetParent !== null ) {                        debouncedTriggerPostRender();                        observer.disconnect();                    }                });            });            observer.observe( document.body, {                attributes: true,                childList: false,                subtree: true,                attributeFilter: [ 'style', 'class' ],            });        } else {            triggerPostRender();        }    } );} ); \n\/* ]]> *\/\n<\/script>\n[\/et_pb_code][\/et_pb_column][\/et_pb_row][\/et_pb_section][et_pb_section fb_built=&#8221;1&#8243; admin_label=&#8221;Team &#8211; Sektion&#8221; module_id=&#8221;team&#8221; module_class=&#8221;bg-moerksand&#8221; _builder_version=&#8221;4.25.0&#8243; _module_preset=&#8221;default&#8221; global_colors_info=&#8221;{}&#8221;][et_pb_row _builder_version=&#8221;4.25.0&#8243; _module_preset=&#8221;default&#8221; global_colors_info=&#8221;{}&#8221;][et_pb_column type=&#8221;4_4&#8243; _builder_version=&#8221;4.25.0&#8243; _module_preset=&#8221;default&#8221; global_colors_info=&#8221;{}&#8221;][dpdfg_filtergrid custom_query=&#8221;advanced&#8221; multiple_cpt=&#8221;team&#8221; post_number=&#8221;20&#8243; order=&#8221;ASC&#8221; orderby=&#8221;meta_value&#8221; meta_key=&#8221;Order&#8221; meta_type=&#8221;NUMERIC&#8221; thumbnail_size=&#8221;768&#215;0&#8243; use_overlay=&#8221;off&#8221; show_post_meta=&#8221;off&#8221; show_custom_fields=&#8221;on&#8221; custom_fields=&#8221;%91{%22name%22:%22qualifications_title%22,%22label%22:%22%22},{%22name%22:%22email%22,%22label%22:%22%22},{%22name%22:%22danish_mobile%22,%22label%22:%22%22},{%22name%22:%22us_mobile%22,%22label%22:%22%22}%93&#8243; show_filters=&#8221;off&#8221; show_pagination=&#8221;off&#8221; items_layout=&#8221;dp-dfg-layout-none&#8221; admin_label=&#8221;Team &#8211; Contact &#8211; Divi FilterGrid&#8221; module_class=&#8221;kontaktperson team-grid&#8221; _builder_version=&#8221;4.25.0&#8243; _module_preset=&#8221;default&#8221; sticky_limit_bottom=&#8221;row&#8221; saved_tabs=&#8221;all&#8221; global_colors_info=&#8221;{}&#8221; global_module=&#8221;1539&#8243;][\/dpdfg_filtergrid][\/et_pb_column][\/et_pb_row][\/et_pb_section]<\/p>\n","protected":false},"excerpt":{"rendered":"<p>Kontakt Benyt vores kontaktformular til at kontakte os i dag. Du er naturligvis ogs\u00e5 velkommen til at kontakte vores advokater direkte for en uforpligtigende snak. F\u00f8lsomme oplysningerDel venligst ikke f\u00f8lsomme oplysninger med os, medmindre vi beder dig om det. Alle oplysninger behandles som fortrolige og beskyttes i overensstemmelse med vor g\u00e6ldende Cookie regler. <p class=\"gform_not_found\">Ups! We kunne ikke finde din formular.<\/p><\/p>\n","protected":false},"author":1,"featured_media":0,"parent":0,"menu_order":0,"comment_status":"closed","ping_status":"closed","template":"","meta":{"_acf_changed":false,"_et_pb_use_builder":"on","_et_pb_old_content":"","_et_gb_content_width":"","footnotes":""},"class_list":["post-1258","page","type-page","status-publish","hentry"],"acf":[],"yoast_head":"<!-- This site is optimized with the Yoast SEO plugin v26.6 - https:\/\/yoast.com\/wordpress\/plugins\/seo\/ -->\n<title>Kontakt - RTR Law<\/title>\n<meta name=\"robots\" content=\"index, follow, max-snippet:-1, max-image-preview:large, max-video-preview:-1\" \/>\n<link rel=\"canonical\" href=\"https:\/\/rtr-law.com\/da\/kontakt\/\" \/>\n<meta property=\"og:locale\" content=\"da_DK\" \/>\n<meta property=\"og:type\" content=\"article\" \/>\n<meta property=\"og:title\" content=\"Kontakt - RTR Law\" \/>\n<meta property=\"og:description\" content=\"Kontakt Benyt vores kontaktformular til at kontakte os i dag. Du er naturligvis ogs\u00e5 velkommen til at kontakte vores advokater direkte for en uforpligtigende snak. F\u00f8lsomme oplysningerDel venligst ikke f\u00f8lsomme oplysninger med os, medmindre vi beder dig om det. Alle oplysninger behandles som fortrolige og beskyttes i overensstemmelse med vor g\u00e6ldende Cookie regler.\" \/>\n<meta property=\"og:url\" content=\"https:\/\/rtr-law.com\/da\/kontakt\/\" \/>\n<meta property=\"og:site_name\" content=\"RTR Law\" \/>\n<meta property=\"article:modified_time\" content=\"2024-05-14T09:36:11+00:00\" \/>\n<meta property=\"og:image\" content=\"https:\/\/rtr-law.com\/wp-content\/uploads\/2022\/10\/Thorup-Law-logo-image.png\" \/>\n\t<meta property=\"og:image:width\" content=\"1200\" \/>\n\t<meta property=\"og:image:height\" content=\"650\" \/>\n\t<meta property=\"og:image:type\" content=\"image\/png\" \/>\n<meta name=\"twitter:card\" content=\"summary_large_image\" \/>\n<meta name=\"twitter:label1\" content=\"Estimeret l\u00e6setid\" \/>\n\t<meta name=\"twitter:data1\" content=\"2 minutter\" \/>\n<script type=\"application\/ld+json\" class=\"yoast-schema-graph\">{\"@context\":\"https:\/\/schema.org\",\"@graph\":[{\"@type\":\"WebPage\",\"@id\":\"https:\/\/rtr-law.com\/da\/kontakt\/\",\"url\":\"https:\/\/rtr-law.com\/da\/kontakt\/\",\"name\":\"Kontakt - RTR Law\",\"isPartOf\":{\"@id\":\"https:\/\/thomasthoruplaw.com\/#website\"},\"datePublished\":\"2024-05-02T18:37:36+00:00\",\"dateModified\":\"2024-05-14T09:36:11+00:00\",\"breadcrumb\":{\"@id\":\"https:\/\/rtr-law.com\/da\/kontakt\/#breadcrumb\"},\"inLanguage\":\"da-DK\",\"potentialAction\":[{\"@type\":\"ReadAction\",\"target\":[\"https:\/\/rtr-law.com\/da\/kontakt\/\"]}]},{\"@type\":\"BreadcrumbList\",\"@id\":\"https:\/\/rtr-law.com\/da\/kontakt\/#breadcrumb\",\"itemListElement\":[{\"@type\":\"ListItem\",\"position\":1,\"name\":\"Hjem\",\"item\":\"https:\/\/rtr-law.com\/da\/\"},{\"@type\":\"ListItem\",\"position\":2,\"name\":\"Kontakt\"}]},{\"@type\":\"WebSite\",\"@id\":\"https:\/\/thomasthoruplaw.com\/#website\",\"url\":\"https:\/\/thomasthoruplaw.com\/\",\"name\":\"RTR Law\",\"description\":\"Endnu en WordPress-blog\",\"potentialAction\":[{\"@type\":\"SearchAction\",\"target\":{\"@type\":\"EntryPoint\",\"urlTemplate\":\"https:\/\/thomasthoruplaw.com\/?s={search_term_string}\"},\"query-input\":{\"@type\":\"PropertyValueSpecification\",\"valueRequired\":true,\"valueName\":\"search_term_string\"}}],\"inLanguage\":\"da-DK\"}]}<\/script>\n<!-- \/ Yoast SEO plugin. -->","yoast_head_json":{"title":"Kontakt - RTR Law","robots":{"index":"index","follow":"follow","max-snippet":"max-snippet:-1","max-image-preview":"max-image-preview:large","max-video-preview":"max-video-preview:-1"},"canonical":"https:\/\/rtr-law.com\/da\/kontakt\/","og_locale":"da_DK","og_type":"article","og_title":"Kontakt - RTR Law","og_description":"Kontakt Benyt vores kontaktformular til at kontakte os i dag. Du er naturligvis ogs\u00e5 velkommen til at kontakte vores advokater direkte for en uforpligtigende snak. F\u00f8lsomme oplysningerDel venligst ikke f\u00f8lsomme oplysninger med os, medmindre vi beder dig om det. Alle oplysninger behandles som fortrolige og beskyttes i overensstemmelse med vor g\u00e6ldende Cookie regler.","og_url":"https:\/\/rtr-law.com\/da\/kontakt\/","og_site_name":"RTR Law","article_modified_time":"2024-05-14T09:36:11+00:00","og_image":[{"width":1200,"height":650,"url":"https:\/\/rtr-law.com\/wp-content\/uploads\/2022\/10\/Thorup-Law-logo-image.png","type":"image\/png"}],"twitter_card":"summary_large_image","twitter_misc":{"Estimeret l\u00e6setid":"2 minutter"},"schema":{"@context":"https:\/\/schema.org","@graph":[{"@type":"WebPage","@id":"https:\/\/rtr-law.com\/da\/kontakt\/","url":"https:\/\/rtr-law.com\/da\/kontakt\/","name":"Kontakt - RTR Law","isPartOf":{"@id":"https:\/\/thomasthoruplaw.com\/#website"},"datePublished":"2024-05-02T18:37:36+00:00","dateModified":"2024-05-14T09:36:11+00:00","breadcrumb":{"@id":"https:\/\/rtr-law.com\/da\/kontakt\/#breadcrumb"},"inLanguage":"da-DK","potentialAction":[{"@type":"ReadAction","target":["https:\/\/rtr-law.com\/da\/kontakt\/"]}]},{"@type":"BreadcrumbList","@id":"https:\/\/rtr-law.com\/da\/kontakt\/#breadcrumb","itemListElement":[{"@type":"ListItem","position":1,"name":"Hjem","item":"https:\/\/rtr-law.com\/da\/"},{"@type":"ListItem","position":2,"name":"Kontakt"}]},{"@type":"WebSite","@id":"https:\/\/thomasthoruplaw.com\/#website","url":"https:\/\/thomasthoruplaw.com\/","name":"RTR Law","description":"Endnu en WordPress-blog","potentialAction":[{"@type":"SearchAction","target":{"@type":"EntryPoint","urlTemplate":"https:\/\/thomasthoruplaw.com\/?s={search_term_string}"},"query-input":{"@type":"PropertyValueSpecification","valueRequired":true,"valueName":"search_term_string"}}],"inLanguage":"da-DK"}]}},"_links":{"self":[{"href":"https:\/\/rtr-law.com\/da\/wp-json\/wp\/v2\/pages\/1258","targetHints":{"allow":["GET"]}}],"collection":[{"href":"https:\/\/rtr-law.com\/da\/wp-json\/wp\/v2\/pages"}],"about":[{"href":"https:\/\/rtr-law.com\/da\/wp-json\/wp\/v2\/types\/page"}],"author":[{"embeddable":true,"href":"https:\/\/rtr-law.com\/da\/wp-json\/wp\/v2\/users\/1"}],"replies":[{"embeddable":true,"href":"https:\/\/rtr-law.com\/da\/wp-json\/wp\/v2\/comments?post=1258"}],"version-history":[{"count":10,"href":"https:\/\/rtr-law.com\/da\/wp-json\/wp\/v2\/pages\/1258\/revisions"}],"predecessor-version":[{"id":1544,"href":"https:\/\/rtr-law.com\/da\/wp-json\/wp\/v2\/pages\/1258\/revisions\/1544"}],"wp:attachment":[{"href":"https:\/\/rtr-law.com\/da\/wp-json\/wp\/v2\/media?parent=1258"}],"curies":[{"name":"wp","href":"https:\/\/api.w.org\/{rel}","templated":true}]}}