{"id":1206,"date":"2024-05-02T13:56:02","date_gmt":"2024-05-02T11:56:02","guid":{"rendered":"https:\/\/rtr-law.com\/uk-visas\/"},"modified":"2024-05-02T13:59:14","modified_gmt":"2024-05-02T11:59:14","slug":"uk-visas","status":"publish","type":"page","link":"https:\/\/rtr-law.com\/da\/uk-visas\/","title":{"rendered":"Britisk arbejdsvisum"},"content":{"rendered":"<p>[et_pb_section fb_built=&#8221;1&#8243; admin_label=&#8221;Header &#8211; Sektion&#8221; module_class=&#8221;header-sektion&#8221; _builder_version=&#8221;4.25.0&#8243; _dynamic_attributes=&#8221;background_image&#8221; _module_preset=&#8221;default&#8221; background_image=&#8221;@ET-DC@eyJkeW5hbWljIjp0cnVlLCJjb250ZW50IjoicG9zdF9mZWF0dXJlZF9pbWFnZSIsInNldHRpbmdzIjp7fX0=@&#8221; global_colors_info=&#8221;{}&#8221;][\/et_pb_section][et_pb_section fb_built=&#8221;1&#8243; admin_label=&#8221;Ekspertise &#8211; body &#8211; Sektion&#8221; module_class=&#8221;ydelser-body-sektion&#8221; _builder_version=&#8221;4.17.4&#8243; _module_preset=&#8221;default&#8221; global_colors_info=&#8221;{}&#8221;][et_pb_row column_structure=&#8221;1_4,1_2,1_4&#8243; _builder_version=&#8221;4.17.4&#8243; _module_preset=&#8221;default&#8221; global_colors_info=&#8221;{}&#8221;][et_pb_column type=&#8221;1_4&#8243; _builder_version=&#8221;4.17.4&#8243; _module_preset=&#8221;default&#8221; global_colors_info=&#8221;{}&#8221;][et_pb_text admin_label=&#8221;Titel &#8211; Tekst&#8221; _builder_version=&#8221;4.25.0&#8243; _module_preset=&#8221;default&#8221; global_colors_info=&#8221;{}&#8221;]<\/p>\n<h1>Britisk <strong>arbejdsvisum<\/strong><\/h1>\n<p>[\/et_pb_text][\/et_pb_column][et_pb_column type=&#8221;1_2&#8243; _builder_version=&#8221;4.17.4&#8243; _module_preset=&#8221;default&#8221; global_colors_info=&#8221;{}&#8221;][et_pb_text _builder_version=&#8221;4.25.0&#8243; _module_preset=&#8221;default&#8221; global_colors_info=&#8221;{}&#8221;]<\/p>\n<p>Efter Brexit er Storbritannien ikke l\u00e6ngere en del af EU, s\u00e5 man er n\u00f8dt til at ans\u00f8ge om et arbejdsvisum, hvis man vil arbejde der.<\/p>\n<p>Hvis du har til hensigt at arbejde i UK, er det vigtigt at man planl\u00e6gger processen tidligt, da sagsbehandlingstiden typisk er p\u00e5 ikke under 4 uger.<\/p>\n<p>Vor kontor i London bist\u00e5r med alle aspekter af ans\u00f8gningsprocessen.<\/p>\n<p>[\/et_pb_text][\/et_pb_column][et_pb_column type=&#8221;1_4&#8243; _builder_version=&#8221;4.17.4&#8243; _module_preset=&#8221;default&#8221; global_colors_info=&#8221;{}&#8221;][dpdfg_filtergrid custom_query=&#8221;advanced&#8221; multiple_cpt=&#8221;team&#8221; use_taxonomy_terms=&#8221;on&#8221; multiple_taxonomies=&#8221;vis-person&#8221; include_terms=&#8221;18&#8243; post_number=&#8221;1&#8243; use_overlay=&#8221;off&#8221; show_post_meta=&#8221;off&#8221; show_custom_fields=&#8221;on&#8221; custom_fields=&#8221;%91{%22name%22:%22qualifications_title%22,%22label%22:%22%22},{%22name%22:%22email%22,%22label%22:%22%22},{%22name%22:%22danish_mobile%22,%22label%22:%22%22},{%22name%22:%22us_mobile%22,%22label%22:%22%22}%93&#8243; show_filters=&#8221;off&#8221; show_pagination=&#8221;off&#8221; items_layout=&#8221;dp-dfg-layout-none&#8221; admin_label=&#8221;Steen &#8211; Kontakt &#8211; Divi FilterGrid&#8221; module_class=&#8221;kontaktperson&#8221; _builder_version=&#8221;4.25.0&#8243; _module_preset=&#8221;default&#8221; sticky_position=&#8221;top&#8221; sticky_offset_top=&#8221;30px&#8221; sticky_limit_bottom=&#8221;row&#8221; saved_tabs=&#8221;all&#8221; global_colors_info=&#8221;{}&#8221;][\/dpdfg_filtergrid][\/et_pb_column][\/et_pb_row][\/et_pb_section]<\/p>\n","protected":false},"excerpt":{"rendered":"<p>Britisk arbejdsvisumEfter Brexit er Storbritannien ikke l\u00e6ngere en del af EU, s\u00e5 man er n\u00f8dt til at ans\u00f8ge om et arbejdsvisum, hvis man vil arbejde der. Hvis du har til hensigt at arbejde i UK, er det vigtigt at man planl\u00e6gger processen tidligt, da sagsbehandlingstiden typisk er p\u00e5 ikke under 4 uger. Vor kontor i [&hellip;]<\/p>\n","protected":false},"author":1,"featured_media":258,"parent":0,"menu_order":0,"comment_status":"closed","ping_status":"closed","template":"","meta":{"_acf_changed":false,"_et_pb_use_builder":"on","_et_pb_old_content":"","_et_gb_content_width":"","footnotes":""},"class_list":["post-1206","page","type-page","status-publish","has-post-thumbnail","hentry"],"acf":[],"yoast_head":"<!-- This site is optimized with the Yoast SEO plugin v26.6 - https:\/\/yoast.com\/wordpress\/plugins\/seo\/ -->\n<title>Britisk arbejdsvisum - RTR Law<\/title>\n<meta name=\"robots\" content=\"index, follow, max-snippet:-1, max-image-preview:large, max-video-preview:-1\" \/>\n<link rel=\"canonical\" href=\"https:\/\/rtr-law.com\/da\/uk-visas\/\" \/>\n<meta property=\"og:locale\" content=\"da_DK\" \/>\n<meta property=\"og:type\" content=\"article\" \/>\n<meta property=\"og:title\" content=\"Britisk arbejdsvisum - RTR Law\" \/>\n<meta property=\"og:description\" content=\"Britisk arbejdsvisumEfter Brexit er Storbritannien ikke l\u00e6ngere en del af EU, s\u00e5 man er n\u00f8dt til at ans\u00f8ge om et arbejdsvisum, hvis man vil arbejde der. Hvis du har til hensigt at arbejde i UK, er det vigtigt at man planl\u00e6gger processen tidligt, da sagsbehandlingstiden typisk er p\u00e5 ikke under 4 uger. Vor kontor i [&hellip;]\" \/>\n<meta property=\"og:url\" content=\"https:\/\/rtr-law.com\/da\/uk-visas\/\" \/>\n<meta property=\"og:site_name\" content=\"RTR Law\" \/>\n<meta property=\"article:modified_time\" content=\"2024-05-02T11:59:14+00:00\" \/>\n<meta property=\"og:image\" content=\"https:\/\/rtr-law.com\/wp-content\/uploads\/2022\/08\/hero_office.jpg\" \/>\n\t<meta property=\"og:image:width\" content=\"1920\" \/>\n\t<meta property=\"og:image:height\" content=\"1062\" \/>\n\t<meta property=\"og:image:type\" content=\"image\/jpeg\" \/>\n<meta name=\"twitter:card\" content=\"summary_large_image\" \/>\n<meta name=\"twitter:label1\" content=\"Estimeret l\u00e6setid\" \/>\n\t<meta name=\"twitter:data1\" content=\"2 minutter\" \/>\n<script type=\"application\/ld+json\" class=\"yoast-schema-graph\">{\"@context\":\"https:\/\/schema.org\",\"@graph\":[{\"@type\":\"WebPage\",\"@id\":\"https:\/\/rtr-law.com\/da\/uk-visas\/\",\"url\":\"https:\/\/rtr-law.com\/da\/uk-visas\/\",\"name\":\"Britisk arbejdsvisum - RTR Law\",\"isPartOf\":{\"@id\":\"https:\/\/thomasthoruplaw.com\/#website\"},\"primaryImageOfPage\":{\"@id\":\"https:\/\/rtr-law.com\/da\/uk-visas\/#primaryimage\"},\"image\":{\"@id\":\"https:\/\/rtr-law.com\/da\/uk-visas\/#primaryimage\"},\"thumbnailUrl\":\"https:\/\/rtr-law.com\/wp-content\/uploads\/2022\/08\/hero_office.jpg\",\"datePublished\":\"2024-05-02T11:56:02+00:00\",\"dateModified\":\"2024-05-02T11:59:14+00:00\",\"breadcrumb\":{\"@id\":\"https:\/\/rtr-law.com\/da\/uk-visas\/#breadcrumb\"},\"inLanguage\":\"da-DK\",\"potentialAction\":[{\"@type\":\"ReadAction\",\"target\":[\"https:\/\/rtr-law.com\/da\/uk-visas\/\"]}]},{\"@type\":\"ImageObject\",\"inLanguage\":\"da-DK\",\"@id\":\"https:\/\/rtr-law.com\/da\/uk-visas\/#primaryimage\",\"url\":\"https:\/\/rtr-law.com\/wp-content\/uploads\/2022\/08\/hero_office.jpg\",\"contentUrl\":\"https:\/\/rtr-law.com\/wp-content\/uploads\/2022\/08\/hero_office.jpg\",\"width\":1920,\"height\":1062},{\"@type\":\"BreadcrumbList\",\"@id\":\"https:\/\/rtr-law.com\/da\/uk-visas\/#breadcrumb\",\"itemListElement\":[{\"@type\":\"ListItem\",\"position\":1,\"name\":\"Hjem\",\"item\":\"https:\/\/rtr-law.com\/da\/\"},{\"@type\":\"ListItem\",\"position\":2,\"name\":\"Britisk arbejdsvisum\"}]},{\"@type\":\"WebSite\",\"@id\":\"https:\/\/thomasthoruplaw.com\/#website\",\"url\":\"https:\/\/thomasthoruplaw.com\/\",\"name\":\"RTR Law\",\"description\":\"Endnu en WordPress-blog\",\"potentialAction\":[{\"@type\":\"SearchAction\",\"target\":{\"@type\":\"EntryPoint\",\"urlTemplate\":\"https:\/\/thomasthoruplaw.com\/?s={search_term_string}\"},\"query-input\":{\"@type\":\"PropertyValueSpecification\",\"valueRequired\":true,\"valueName\":\"search_term_string\"}}],\"inLanguage\":\"da-DK\"}]}<\/script>\n<!-- \/ Yoast SEO plugin. -->","yoast_head_json":{"title":"Britisk arbejdsvisum - RTR Law","robots":{"index":"index","follow":"follow","max-snippet":"max-snippet:-1","max-image-preview":"max-image-preview:large","max-video-preview":"max-video-preview:-1"},"canonical":"https:\/\/rtr-law.com\/da\/uk-visas\/","og_locale":"da_DK","og_type":"article","og_title":"Britisk arbejdsvisum - RTR Law","og_description":"Britisk arbejdsvisumEfter Brexit er Storbritannien ikke l\u00e6ngere en del af EU, s\u00e5 man er n\u00f8dt til at ans\u00f8ge om et arbejdsvisum, hvis man vil arbejde der. Hvis du har til hensigt at arbejde i UK, er det vigtigt at man planl\u00e6gger processen tidligt, da sagsbehandlingstiden typisk er p\u00e5 ikke under 4 uger. Vor kontor i [&hellip;]","og_url":"https:\/\/rtr-law.com\/da\/uk-visas\/","og_site_name":"RTR Law","article_modified_time":"2024-05-02T11:59:14+00:00","og_image":[{"width":1920,"height":1062,"url":"https:\/\/rtr-law.com\/wp-content\/uploads\/2022\/08\/hero_office.jpg","type":"image\/jpeg"}],"twitter_card":"summary_large_image","twitter_misc":{"Estimeret l\u00e6setid":"2 minutter"},"schema":{"@context":"https:\/\/schema.org","@graph":[{"@type":"WebPage","@id":"https:\/\/rtr-law.com\/da\/uk-visas\/","url":"https:\/\/rtr-law.com\/da\/uk-visas\/","name":"Britisk arbejdsvisum - RTR Law","isPartOf":{"@id":"https:\/\/thomasthoruplaw.com\/#website"},"primaryImageOfPage":{"@id":"https:\/\/rtr-law.com\/da\/uk-visas\/#primaryimage"},"image":{"@id":"https:\/\/rtr-law.com\/da\/uk-visas\/#primaryimage"},"thumbnailUrl":"https:\/\/rtr-law.com\/wp-content\/uploads\/2022\/08\/hero_office.jpg","datePublished":"2024-05-02T11:56:02+00:00","dateModified":"2024-05-02T11:59:14+00:00","breadcrumb":{"@id":"https:\/\/rtr-law.com\/da\/uk-visas\/#breadcrumb"},"inLanguage":"da-DK","potentialAction":[{"@type":"ReadAction","target":["https:\/\/rtr-law.com\/da\/uk-visas\/"]}]},{"@type":"ImageObject","inLanguage":"da-DK","@id":"https:\/\/rtr-law.com\/da\/uk-visas\/#primaryimage","url":"https:\/\/rtr-law.com\/wp-content\/uploads\/2022\/08\/hero_office.jpg","contentUrl":"https:\/\/rtr-law.com\/wp-content\/uploads\/2022\/08\/hero_office.jpg","width":1920,"height":1062},{"@type":"BreadcrumbList","@id":"https:\/\/rtr-law.com\/da\/uk-visas\/#breadcrumb","itemListElement":[{"@type":"ListItem","position":1,"name":"Hjem","item":"https:\/\/rtr-law.com\/da\/"},{"@type":"ListItem","position":2,"name":"Britisk arbejdsvisum"}]},{"@type":"WebSite","@id":"https:\/\/thomasthoruplaw.com\/#website","url":"https:\/\/thomasthoruplaw.com\/","name":"RTR Law","description":"Endnu en WordPress-blog","potentialAction":[{"@type":"SearchAction","target":{"@type":"EntryPoint","urlTemplate":"https:\/\/thomasthoruplaw.com\/?s={search_term_string}"},"query-input":{"@type":"PropertyValueSpecification","valueRequired":true,"valueName":"search_term_string"}}],"inLanguage":"da-DK"}]}},"_links":{"self":[{"href":"https:\/\/rtr-law.com\/da\/wp-json\/wp\/v2\/pages\/1206","targetHints":{"allow":["GET"]}}],"collection":[{"href":"https:\/\/rtr-law.com\/da\/wp-json\/wp\/v2\/pages"}],"about":[{"href":"https:\/\/rtr-law.com\/da\/wp-json\/wp\/v2\/types\/page"}],"author":[{"embeddable":true,"href":"https:\/\/rtr-law.com\/da\/wp-json\/wp\/v2\/users\/1"}],"replies":[{"embeddable":true,"href":"https:\/\/rtr-law.com\/da\/wp-json\/wp\/v2\/comments?post=1206"}],"version-history":[{"count":3,"href":"https:\/\/rtr-law.com\/da\/wp-json\/wp\/v2\/pages\/1206\/revisions"}],"predecessor-version":[{"id":1211,"href":"https:\/\/rtr-law.com\/da\/wp-json\/wp\/v2\/pages\/1206\/revisions\/1211"}],"wp:featuredmedia":[{"embeddable":true,"href":"https:\/\/rtr-law.com\/da\/wp-json\/wp\/v2\/media\/258"}],"wp:attachment":[{"href":"https:\/\/rtr-law.com\/da\/wp-json\/wp\/v2\/media?parent=1206"}],"curies":[{"name":"wp","href":"https:\/\/api.w.org\/{rel}","templated":true}]}}