{"id":1128,"date":"2024-05-02T10:47:05","date_gmt":"2024-05-02T08:47:05","guid":{"rendered":"https:\/\/rtr-law.com\/arbejdsvisum-til-usa-og-danmark\/"},"modified":"2026-02-04T09:56:07","modified_gmt":"2026-02-04T08:56:07","slug":"arbejdsvisum-til-usa-og-danmark","status":"publish","type":"page","link":"https:\/\/rtr-law.com\/da\/arbejdsvisum-til-usa-og-danmark\/","title":{"rendered":"Arbejdsvisum til USA og Danmark"},"content":{"rendered":"<p>[et_pb_section fb_built=&#8221;1&#8243; admin_label=&#8221;Header &#8211; Sektion&#8221; module_class=&#8221;header-sektion&#8221; _builder_version=&#8221;4.17.6&#8243; _module_preset=&#8221;default&#8221; background_image=&#8221;https:\/\/rtr-law.com\/wp-content\/uploads\/2022\/08\/hero_office.jpg&#8221; global_colors_info=&#8221;{}&#8221;][\/et_pb_section][et_pb_section fb_built=&#8221;1&#8243; admin_label=&#8221;Ekspertise &#8211; body &#8211; Sektion&#8221; module_class=&#8221;ydelser-body-sektion&#8221; _builder_version=&#8221;4.17.4&#8243; _module_preset=&#8221;default&#8221; global_colors_info=&#8221;{}&#8221;][et_pb_row column_structure=&#8221;1_4,1_2,1_4&#8243; _builder_version=&#8221;4.17.4&#8243; _module_preset=&#8221;default&#8221; global_colors_info=&#8221;{}&#8221;][et_pb_column type=&#8221;1_4&#8243; _builder_version=&#8221;4.17.4&#8243; _module_preset=&#8221;default&#8221; global_colors_info=&#8221;{}&#8221;][et_pb_text admin_label=&#8221;Titel &#8211; Tekst&#8221; _builder_version=&#8221;4.25.0&#8243; _module_preset=&#8221;default&#8221; global_colors_info=&#8221;{}&#8221;]<\/p>\n<h1>Vi r\u00e5dgiver om arbejdsvisum til <strong>USA<\/strong> og Danmark<\/h1>\n<p>[\/et_pb_text][\/et_pb_column][et_pb_column type=&#8221;1_2&#8243; _builder_version=&#8221;4.17.4&#8243; _module_preset=&#8221;default&#8221; global_colors_info=&#8221;{}&#8221;][et_pb_text _builder_version=&#8221;4.27.5&#8243; _module_preset=&#8221;default&#8221; hover_enabled=&#8221;0&#8243; global_colors_info=&#8221;{}&#8221; sticky_enabled=&#8221;0&#8243;]<\/p>\n<p>Vi tilbyder en bred vifte af ydelser inden for amerikanske visa og immigrationsret \u2013 fra midlertidige visa til permanent opholdstilladelse (\u201dgreen card\u201d) og amerikansk statsborgerskab. Advokat Thomas Thorup har mere end 15 \u00e5rs erfaring med amerikanske visa og har med succes hjulpet tusindvis af danske og internationale klienter med at opn\u00e5 U.S. visa. Thomas har udviklet og implementeret visumstrategier for store, multinationale virksomheder, hjulpet \u00e6gtepar med at navigere i green card-processen og alt derimellem.   <\/p>\n<p>Nogle af de visumtyper, vi almindeligvis hj\u00e6lper med, er:<\/p>\n<h3>E- Treaty Investor eller Treaty Trader Visa<\/h3>\n<p>Danske virksomheder eller enkeltpersoner, der har investeret v\u00e6sentligt i, eller har v\u00e6sentlig samhandel med USA, kan bruge dette visum til at sende deres danske medarbejdere til USA for at p\u00e5tage sig en ledelsesm\u00e6ssig funktion eller fungere som virksomhedens specialist om Jeres produkter og services. E-visas er ofte en relevant og fleksibel U.S. visuml\u00f8sning for iv\u00e6rks\u00e6ttere, der \u00f8nsker at starte en amerikansk virksomhed eller udvide deres igangv\u00e6rende aktiviteter i det amerikanske marked. Dette visum foruds\u00e6tter, at virksomheden er dansk-ejet og at ans\u00f8geren er dansk statsborger. <\/p>\n<h3>L-1 Intracompany Transferee Executive, Manager, eller Specialized Knowledge Employee<\/h3>\n<p>L-1-visummet g\u00f8r det muligt for en dansk virksomhed at sende en direkt\u00f8r, leder eller specialiseret medarbejder til deres amerikanske afdeling. Hvis virksomheden endnu ikke har en amerikansk afdeling (datter-\/s\u00f8sterselskab), kan man ofte f\u00e5 visum til en leder, som skal til USA for at opbygge den amerikanske afdeling. L-visas kan anvendes af b\u00e5de mindre og st\u00f8rre organisationer.  <\/p>\n<h3>\u201dBlanket L\u201d for st\u00f8rre virksomheder<\/h3>\n<p>Store virksomheder med en etableret virksomhedsstruktur i b\u00e5de Danmark og USA kan s\u00f8ge et \u201dramme-visum\u201d kaldet \u201dBlanket L\u201d, som g\u00f8r det muligt hurtigere og billigere at overf\u00f8re medarbejdere fra Danmark\/internationalt til den amerikanske afdeling. Med en godkendt \u201dBlanket L -petition\u201d kan procestiden og omkostningerne ved at s\u00f8ge og opn\u00e5 arbejdsvisum til USA reduceres v\u00e6sentligt. <\/p>\n<h3>H-1B Specialistvisum<\/h3>\n<p>Dette visum kan s\u00f8ges til medarbejdere med en uddannelse svarende til mindst en amerikansk bachelorgrad, som skal arbejde i USA inden for deres specialistomr\u00e5de. Visummet g\u00e6lder for 3 \u00e5r og kan forl\u00e6nges op til 6 \u00e5r. Processen for H1-B visas er ikke s\u00e5 fleksibel som for E- og L-visas, og der er en \u00e5rlig kvote for antallet af H-1B visas, som ofte f\u00f8rer til, at visummyndighederne i USA tr\u00e6kker lod mellem de modtagne ans\u00f8gninger. <\/p>\n<h3>B-1 forretningsvisum<\/h3>\n<p>Dette visum giver en person mulighed for at udf\u00f8re forretningsaktiviteter i op til seks m\u00e5neder i USA. Det er ikke et egentligt arbejdsvisum, men giver mulighed for blandt andet at holde m\u00f8der med forretningsforbindelser, deltage i videnskabelige, uddannelsesm\u00e6ssige, professionelle eller forretningskongresser- eller konferencer, forhandle kontrakter, deltage i korte uddannelsesprogrammer (1-3 m\u00e5neder) eller forberede en investering i en ny virksomhed, som s\u00e5 efterf\u00f8lgende kan danne grundlag for eksempelvis et E-2 visum. Dette visum kan ogs\u00e5 s\u00f8ges af personer, som ikke kan rejse til USA via ESTA-programmet.  <\/p>\n<h3>O-1 Visum \u2013 Ekstraordin\u00e6re kvalifikationer<\/h3>\n<p>Et O-1-visum giver en person med ekstraordin\u00e6re kvalifikationer inden for forretning, kunst, videnskab eller andre omr\u00e5der mulighed for at arbejde og bo i USA i op til tre \u00e5r ad gangen. Det kr\u00e6ver, at ans\u00f8ger kan dokumentere at have opn\u00e5et betydelige resultater, anerkendelse, eller udf\u00f8rt s\u00e6rlige pr\u00e6stationer indenfor sit fag, samt at man er blevet tilbudt arbejde i USA inden for sit speciale. Thomas Thorup Law har opn\u00e5et O-visum til mange forskellige typer af \u201dekstraordin\u00e6re\u201d ans\u00f8gere, lige fra musikere, komikere, og fodboldtr\u00e6nere til s\u00e6rligt kvalificerede erhvervsfolk.  <\/p>\n<h3>J-1 Visa (Graduate Visa)<\/h3>\n<p>Exchange Visitor Programmet giver nyuddannede mulighed for at f\u00e5 erfaring i USA. Programmet g\u00f8r det muligt for udenlandske statsborgere at komme til USA for at demonstrere s\u00e6rlige f\u00e6rdigheder eller modtage jobtr\u00e6ning i perioder fra nogle f\u00e5 uger til flere \u00e5r. Et fantastisk v\u00e6rkt\u00f8j for virksomheder med nye kandidatuddannelser og interne internationale tr\u00e6ningsprogrammer.  <\/p>\n<h3>Permanent opholdstilladelse \u2013 \u201dGreen Card\u201d \u2013 Baseret p\u00e5 job\/erhverv<\/h3>\n<p>Personer med ekstraordin\u00e6re kvalifikationer, ledere med international erfaring og nuv\u00e6rende internationale medarbejdere kan muligvis f\u00e5 permanent ophold i USA baseret p\u00e5 tilbudt besk\u00e6ftigelse eller kvalifikationer\/resultater. Ved at gennemg\u00e5 en kandidats erhvervserfaring, uddannelse, l\u00f8nniveau og f\u00e6rdigheder, kan Thomas Thorup Law vurdere, om dette er en mulighed for Jer\/Jeres medarbejder, og i givet fald kan vi bist\u00e5 med hele processen. <\/p>\n<h3>Permanent opholdstilladelse \u2013 \u201dGreen Card\u201d \u2013 Familiebaseret<\/h3>\n<p>Vi kan hj\u00e6lpe dig med at navigere i den lange og komplicerede proces med at \u201dsponsere et green card\u201d til din \u00e6gtef\u00e6lle, for\u00e6ldre og\/eller b\u00f8rn, s\u00e5 de kan f\u00e5 permanent opholdstilladelse i USA. Thomas Thorup Law har hjulpet hundredvis af familier med U.S. visum til forlovede, green card-fornyelser, green card-ans\u00f8gninger baseret p\u00e5 \u00e6gteskab og ans\u00f8gninger til b\u00f8rn og for\u00e6ldre til amerikanske statsborgere. <\/p>\n<h3>N\u00f8dsituationer \u2013 Hastebehandling \u2013 Appeller<\/h3>\n<p>RTR Law kan hj\u00e6lpe i n\u00f8dstilf\u00e6lde eller sager med meget stramme tidsplaner. Der er visse tilf\u00e6lde, hvor normale behandlingstider kan undg\u00e5s. RTR Laws advokater har hjulpet adskillige virksomheder, familier og enkeltpersoner i desperate og komplicerede situationer. Hvis I har f\u00e5et et afslag p\u00e5 en visumans\u00f8gning eller er blevet n\u00e6gtet indrejse i USA, kan vi vurdere grundlaget og eventuelle muligheder for en anden l\u00f8sning.   <\/p>\n<p>[\/et_pb_text][\/et_pb_column][et_pb_column type=&#8221;1_4&#8243; _builder_version=&#8221;4.17.4&#8243; _module_preset=&#8221;default&#8221; global_colors_info=&#8221;{}&#8221;][dpdfg_filtergrid custom_query=&#8221;advanced&#8221; multiple_cpt=&#8221;team&#8221; use_taxonomy_terms=&#8221;on&#8221; multiple_taxonomies=&#8221;vis-person&#8221; include_terms=&#8221;17&#8243; post_number=&#8221;1&#8243; use_overlay=&#8221;off&#8221; show_post_meta=&#8221;off&#8221; show_custom_fields=&#8221;on&#8221; custom_fields=&#8221;%91{%22name%22:%22qualifications_title%22,%22label%22:%22%22},{%22name%22:%22email%22,%22label%22:%22%22},{%22name%22:%22danish_mobile%22,%22label%22:%22%22},{%22name%22:%22us_mobile%22,%22label%22:%22%22}%93&#8243; show_filters=&#8221;off&#8221; show_pagination=&#8221;off&#8221; items_layout=&#8221;dp-dfg-layout-none&#8221; admin_label=&#8221;Thomas &#8211; Tidl. Beau &#8211; Kontakt &#8211; Divi FilterGrid&#8221; module_class=&#8221;kontaktperson&#8221; _builder_version=&#8221;4.27.5&#8243; _module_preset=&#8221;default&#8221; sticky_position=&#8221;top&#8221; sticky_offset_top=&#8221;30px&#8221; sticky_limit_bottom=&#8221;row&#8221; global_module=&#8221;1122&#8243; saved_tabs=&#8221;all&#8221; global_colors_info=&#8221;{}&#8221;][\/dpdfg_filtergrid][\/et_pb_column][\/et_pb_row][\/et_pb_section]<\/p>\n","protected":false},"excerpt":{"rendered":"<p>Vi r\u00e5dgiver om arbejdsvisum til USA og DanmarkVi tilbyder en bred vifte af ydelser inden for amerikanske visa og immigrationsret \u2013 fra midlertidige visa til permanent opholdstilladelse (\u201dgreen card\u201d) og amerikansk statsborgerskab. Advokat Thomas Thorup har mere end 15 \u00e5rs erfaring med amerikanske visa og har med succes hjulpet tusindvis af danske og internationale klienter [&hellip;]<\/p>\n","protected":false},"author":1,"featured_media":0,"parent":0,"menu_order":0,"comment_status":"closed","ping_status":"closed","template":"","meta":{"_acf_changed":false,"_et_pb_use_builder":"on","_et_pb_old_content":"","_et_gb_content_width":"","footnotes":""},"class_list":["post-1128","page","type-page","status-publish","hentry"],"acf":[],"yoast_head":"<!-- This site is optimized with the Yoast SEO plugin v26.6 - https:\/\/yoast.com\/wordpress\/plugins\/seo\/ -->\n<title>Arbejdsvisum til USA og Danmark - RTR Law<\/title>\n<meta name=\"robots\" content=\"index, follow, max-snippet:-1, max-image-preview:large, max-video-preview:-1\" \/>\n<link rel=\"canonical\" href=\"https:\/\/rtr-law.com\/da\/arbejdsvisum-til-usa-og-danmark\/\" \/>\n<meta property=\"og:locale\" content=\"da_DK\" \/>\n<meta property=\"og:type\" content=\"article\" \/>\n<meta property=\"og:title\" content=\"Arbejdsvisum til USA og Danmark - RTR Law\" \/>\n<meta property=\"og:description\" content=\"Vi r\u00e5dgiver om arbejdsvisum til USA og DanmarkVi tilbyder en bred vifte af ydelser inden for amerikanske visa og immigrationsret \u2013 fra midlertidige visa til permanent opholdstilladelse (\u201dgreen card\u201d) og amerikansk statsborgerskab. Advokat Thomas Thorup har mere end 15 \u00e5rs erfaring med amerikanske visa og har med succes hjulpet tusindvis af danske og internationale klienter [&hellip;]\" \/>\n<meta property=\"og:url\" content=\"https:\/\/rtr-law.com\/da\/arbejdsvisum-til-usa-og-danmark\/\" \/>\n<meta property=\"og:site_name\" content=\"RTR Law\" \/>\n<meta property=\"article:modified_time\" content=\"2026-02-04T08:56:07+00:00\" \/>\n<meta property=\"og:image\" content=\"https:\/\/rtr-law.com\/wp-content\/uploads\/2022\/10\/Thorup-Law-logo-image.png\" \/>\n\t<meta property=\"og:image:width\" content=\"1200\" \/>\n\t<meta property=\"og:image:height\" content=\"650\" \/>\n\t<meta property=\"og:image:type\" content=\"image\/png\" \/>\n<meta name=\"twitter:card\" content=\"summary_large_image\" \/>\n<meta name=\"twitter:label1\" content=\"Estimeret l\u00e6setid\" \/>\n\t<meta name=\"twitter:data1\" content=\"6 minutter\" \/>\n<script type=\"application\/ld+json\" class=\"yoast-schema-graph\">{\"@context\":\"https:\/\/schema.org\",\"@graph\":[{\"@type\":\"WebPage\",\"@id\":\"https:\/\/rtr-law.com\/da\/arbejdsvisum-til-usa-og-danmark\/\",\"url\":\"https:\/\/rtr-law.com\/da\/arbejdsvisum-til-usa-og-danmark\/\",\"name\":\"Arbejdsvisum til USA og Danmark - RTR Law\",\"isPartOf\":{\"@id\":\"https:\/\/thomasthoruplaw.com\/#website\"},\"datePublished\":\"2024-05-02T08:47:05+00:00\",\"dateModified\":\"2026-02-04T08:56:07+00:00\",\"breadcrumb\":{\"@id\":\"https:\/\/rtr-law.com\/da\/arbejdsvisum-til-usa-og-danmark\/#breadcrumb\"},\"inLanguage\":\"da-DK\",\"potentialAction\":[{\"@type\":\"ReadAction\",\"target\":[\"https:\/\/rtr-law.com\/da\/arbejdsvisum-til-usa-og-danmark\/\"]}]},{\"@type\":\"BreadcrumbList\",\"@id\":\"https:\/\/rtr-law.com\/da\/arbejdsvisum-til-usa-og-danmark\/#breadcrumb\",\"itemListElement\":[{\"@type\":\"ListItem\",\"position\":1,\"name\":\"Hjem\",\"item\":\"https:\/\/rtr-law.com\/da\/\"},{\"@type\":\"ListItem\",\"position\":2,\"name\":\"Arbejdsvisum til USA og Danmark\"}]},{\"@type\":\"WebSite\",\"@id\":\"https:\/\/thomasthoruplaw.com\/#website\",\"url\":\"https:\/\/thomasthoruplaw.com\/\",\"name\":\"RTR Law\",\"description\":\"Endnu en WordPress-blog\",\"potentialAction\":[{\"@type\":\"SearchAction\",\"target\":{\"@type\":\"EntryPoint\",\"urlTemplate\":\"https:\/\/thomasthoruplaw.com\/?s={search_term_string}\"},\"query-input\":{\"@type\":\"PropertyValueSpecification\",\"valueRequired\":true,\"valueName\":\"search_term_string\"}}],\"inLanguage\":\"da-DK\"}]}<\/script>\n<!-- \/ Yoast SEO plugin. -->","yoast_head_json":{"title":"Arbejdsvisum til USA og Danmark - RTR Law","robots":{"index":"index","follow":"follow","max-snippet":"max-snippet:-1","max-image-preview":"max-image-preview:large","max-video-preview":"max-video-preview:-1"},"canonical":"https:\/\/rtr-law.com\/da\/arbejdsvisum-til-usa-og-danmark\/","og_locale":"da_DK","og_type":"article","og_title":"Arbejdsvisum til USA og Danmark - RTR Law","og_description":"Vi r\u00e5dgiver om arbejdsvisum til USA og DanmarkVi tilbyder en bred vifte af ydelser inden for amerikanske visa og immigrationsret \u2013 fra midlertidige visa til permanent opholdstilladelse (\u201dgreen card\u201d) og amerikansk statsborgerskab. Advokat Thomas Thorup har mere end 15 \u00e5rs erfaring med amerikanske visa og har med succes hjulpet tusindvis af danske og internationale klienter [&hellip;]","og_url":"https:\/\/rtr-law.com\/da\/arbejdsvisum-til-usa-og-danmark\/","og_site_name":"RTR Law","article_modified_time":"2026-02-04T08:56:07+00:00","og_image":[{"width":1200,"height":650,"url":"https:\/\/rtr-law.com\/wp-content\/uploads\/2022\/10\/Thorup-Law-logo-image.png","type":"image\/png"}],"twitter_card":"summary_large_image","twitter_misc":{"Estimeret l\u00e6setid":"6 minutter"},"schema":{"@context":"https:\/\/schema.org","@graph":[{"@type":"WebPage","@id":"https:\/\/rtr-law.com\/da\/arbejdsvisum-til-usa-og-danmark\/","url":"https:\/\/rtr-law.com\/da\/arbejdsvisum-til-usa-og-danmark\/","name":"Arbejdsvisum til USA og Danmark - RTR Law","isPartOf":{"@id":"https:\/\/thomasthoruplaw.com\/#website"},"datePublished":"2024-05-02T08:47:05+00:00","dateModified":"2026-02-04T08:56:07+00:00","breadcrumb":{"@id":"https:\/\/rtr-law.com\/da\/arbejdsvisum-til-usa-og-danmark\/#breadcrumb"},"inLanguage":"da-DK","potentialAction":[{"@type":"ReadAction","target":["https:\/\/rtr-law.com\/da\/arbejdsvisum-til-usa-og-danmark\/"]}]},{"@type":"BreadcrumbList","@id":"https:\/\/rtr-law.com\/da\/arbejdsvisum-til-usa-og-danmark\/#breadcrumb","itemListElement":[{"@type":"ListItem","position":1,"name":"Hjem","item":"https:\/\/rtr-law.com\/da\/"},{"@type":"ListItem","position":2,"name":"Arbejdsvisum til USA og Danmark"}]},{"@type":"WebSite","@id":"https:\/\/thomasthoruplaw.com\/#website","url":"https:\/\/thomasthoruplaw.com\/","name":"RTR Law","description":"Endnu en WordPress-blog","potentialAction":[{"@type":"SearchAction","target":{"@type":"EntryPoint","urlTemplate":"https:\/\/thomasthoruplaw.com\/?s={search_term_string}"},"query-input":{"@type":"PropertyValueSpecification","valueRequired":true,"valueName":"search_term_string"}}],"inLanguage":"da-DK"}]}},"_links":{"self":[{"href":"https:\/\/rtr-law.com\/da\/wp-json\/wp\/v2\/pages\/1128","targetHints":{"allow":["GET"]}}],"collection":[{"href":"https:\/\/rtr-law.com\/da\/wp-json\/wp\/v2\/pages"}],"about":[{"href":"https:\/\/rtr-law.com\/da\/wp-json\/wp\/v2\/types\/page"}],"author":[{"embeddable":true,"href":"https:\/\/rtr-law.com\/da\/wp-json\/wp\/v2\/users\/1"}],"replies":[{"embeddable":true,"href":"https:\/\/rtr-law.com\/da\/wp-json\/wp\/v2\/comments?post=1128"}],"version-history":[{"count":6,"href":"https:\/\/rtr-law.com\/da\/wp-json\/wp\/v2\/pages\/1128\/revisions"}],"predecessor-version":[{"id":1730,"href":"https:\/\/rtr-law.com\/da\/wp-json\/wp\/v2\/pages\/1128\/revisions\/1730"}],"wp:attachment":[{"href":"https:\/\/rtr-law.com\/da\/wp-json\/wp\/v2\/media?parent=1128"}],"curies":[{"name":"wp","href":"https:\/\/api.w.org\/{rel}","templated":true}]}}